{"id":2000,"date":"2016-10-21T14:15:12","date_gmt":"2016-10-21T14:15:12","guid":{"rendered":"http:\/\/salgesch.ch\/fr\/?page_id=2000"},"modified":"2022-03-28T12:31:31","modified_gmt":"2022-03-28T12:31:31","slug":"culture-du-vin","status":"publish","type":"page","link":"https:\/\/salgesch.ch\/fr\/culture-du-vin\/","title":{"rendered":"Culture du Vin"},"content":{"rendered":"<div class=\"wpb-content-wrapper\"><p>[vc_row margin_top=&#8221;-50px&#8221; full_width_row=&#8221;true&#8221; bg_type=&#8221;bg_color&#8221; css=&#8221;.vc_custom_1476870602823{background-color: #ffffff !important;}&#8221; bg_color_value=&#8221;#ffffff&#8221;][vc_column]<div class=\"ult_row_spacer\"><div class=\"ult-sticky-anchor\"><div class=\"ult-sticky-section ult-sticky \"  data-gutter= '0' data-stick_behaviour= 'stick_with_scroll'  data-sticky_position= 'top' data-mobile='no' data-support='no'>[vc_row_inner css=&#8221;.vc_custom_1476868661261{background-color: #ffffff !important;}&#8221;][vc_column_inner width=&#8221;1\/6&#8243; css=&#8221;.vc_custom_1476868644206{background-color: #ffffff !important;}&#8221;][\/vc_column_inner][vc_column_inner width=&#8221;1\/6&#8243; css=&#8221;.vc_custom_1476721197768{background-color: #ffffff !important;}&#8221;]<div class=\"text-centered\"><a href=\"#!\/geschichte\" class=\"btn-shortcode dt-btn-l dt-btn default-btn-color default-btn-hover-color default-btn-bg-color default-btn-bg-hover-color anchor-link\" id=\"dt-btn-1\"><span>Histoire<\/span><\/a><\/div>[\/vc_column_inner][vc_column_inner width=&#8221;1\/6&#8243; css=&#8221;.vc_custom_1476721207622{background-color: #ffffff !important;}&#8221;]<div class=\"text-centered\"><a href=\"#!\/klima\" class=\"btn-shortcode dt-btn-l dt-btn default-btn-color default-btn-hover-color default-btn-bg-color default-btn-bg-hover-color anchor-link\" id=\"dt-btn-2\"><span>Climat<\/span><\/a><\/div>[\/vc_column_inner][vc_column_inner width=&#8221;1\/6&#8243; css=&#8221;.vc_custom_1476722056936{background-color: #ffffff !important;}&#8221;]<div class=\"text-centered\"><a href=\"#!\/qualitaet\" class=\"btn-shortcode dt-btn-l dt-btn default-btn-color default-btn-hover-color default-btn-bg-color default-btn-bg-hover-color anchor-link\" id=\"dt-btn-3\"><span>Qualit\u00e9<\/span><\/a><\/div>[\/vc_column_inner][vc_column_inner width=&#8221;1\/6&#8243; css=&#8221;.vc_custom_1476868634560{background-color: #ffffff !important;}&#8221;]<div class=\"text-centered\"><a href=\"#!\/grandcru\" class=\"btn-shortcode dt-btn-l dt-btn default-btn-color default-btn-hover-color default-btn-bg-color default-btn-bg-hover-color anchor-link\" id=\"dt-btn-4\"><span>Grand Cru<\/span><\/a><\/div>[\/vc_column_inner][vc_column_inner width=&#8221;1\/6&#8243; css=&#8221;.vc_custom_1476868651991{background-color: #ffffff !important;}&#8221;][\/vc_column_inner][\/vc_row_inner]<\/div><div class=\"ult-space\"><\/div><\/div><\/div>[\/vc_column][\/vc_row][vc_row full_width_row=&#8221;true&#8221; anchor=&#8221;geschichte&#8221;][vc_column width=&#8221;1\/2&#8243; css=&#8221;.vc_custom_1641462312662{padding-top: 200px !important;padding-bottom: 200px !important;background-image: url(http:\/\/salgesch.ch\/wp-content\/uploads\/2022\/01\/salgesch_weindorf_schweiz_wallis_16.jpg?id=6934) !important;background-position: center !important;background-repeat: no-repeat !important;background-size: cover !important;}&#8221;][\/vc_column][vc_column width=&#8221;1\/2&#8243; css=&#8221;.vc_custom_1641462172547{padding-top: 150px !important;padding-right: 50px !important;padding-bottom: 50px !important;padding-left: 50px !important;}&#8221;][vc_column_text css_animation=&#8221;fadeInDown&#8221; css=&#8221;.vc_custom_1641463204540{padding-top: 40px !important;}&#8221; el_class=&#8221;textbox1&#8243;]<\/p>\n<h3><span style=\"color: #950048;\">Salgesch &#8211; Ces syllabes chantent le vin. <\/span><\/h3>\n<p>Les vins rouges des plus grandes communes viticoles du Haut-Valais sont une r\u00e9f\u00e9rence pour les connaisseurs en vins depuis des d\u00e9cennies. Tr\u00e8s t\u00f4t, les habitants de Salgesch ont su lier le nom du lieu \u00e0 leurs produits et accorder ainsi une identit\u00e9 unique au vin rouge. Le village viticole a laiss\u00e9 cette marque de fabrique s&#8217;\u00e9panouir.<\/p>\n<p>Apr\u00e8s la Seconde Guerre Mondiale, cet ancien village agricole s&#8217;est transform\u00e9 en un village viticole. Le quotidien des habitants de Salgesch est aujourd&#8217;hui caract\u00e9ris\u00e9 par ces 203 hectares de vignes et plus de quarante entreprises viticoles.[\/vc_column_text][\/vc_column][\/vc_row][vc_row full_width_row=&#8221;true&#8221;][vc_column width=&#8221;1\/2&#8243; css=&#8221;.vc_custom_1641462172547{padding-top: 150px !important;padding-right: 50px !important;padding-bottom: 50px !important;padding-left: 50px !important;}&#8221;][vc_column_text css_animation=&#8221;fadeInDown&#8221; css=&#8221;.vc_custom_1641463256145{padding-top: 40px !important;}&#8221;]<\/p>\n<h3 style=\"text-align: right;\"><span style=\"color: #950048;\">\u00a0Le village de 1200 \u00e2mes porte la croix des chevalier de l&#8217;Ordre de Saint-Jean comme armoiries.<\/span><\/h3>\n<p style=\"text-align: right;\">Rien ne prouve que les chevaliers, qui ont demeur\u00e9 pendant environ 400 ans \u00e0 Salgesch, aient choisi le village pour son bon vin, mais cela reste fort probable. Les chevaliers de l&#8217;Ordre de Saint-Jean ont toujours admir\u00e9 le patron Saint Jean-Baptiste, d&#8217;o\u00f9 le nom des chevaliers de l&#8217;Ordre de Saint-Jean. Depuis les chevaliers, le patron de l&#8217;\u00e9glise de Salgesch a ainsi toujours \u00e9t\u00e9 Saint-Jean. Le 29 ao\u00fbt, lors de la f\u00eate de l&#8217;\u00e9glise, l&#8217;hommage qui est rendu au saint patron attire des p\u00e8lerins de toute la Suisse.<\/p>\n<p>[\/vc_column_text][\/vc_column][vc_column width=&#8221;1\/2&#8243; css=&#8221;.vc_custom_1641462495351{padding-top: 200px !important;padding-bottom: 200px !important;background-image: url(http:\/\/salgesch.ch\/wp-content\/uploads\/2022\/01\/salgesch_weindorf_schweiz_wallis_4.jpg?id=6912) !important;background-position: center !important;background-repeat: no-repeat !important;background-size: cover !important;}&#8221;][\/vc_column][\/vc_row][vc_row full_width_row=&#8221;true&#8221; anchor=&#8221;klima&#8221;][vc_column width=&#8221;1\/2&#8243; css=&#8221;.vc_custom_1641462677865{padding-top: 200px !important;padding-bottom: 200px !important;background-image: url(http:\/\/salgesch.ch\/wp-content\/uploads\/2022\/01\/salgesch_weindorf_schweiz_wallis_7.jpg?id=6918) !important;background-position: center !important;background-repeat: no-repeat !important;background-size: cover !important;}&#8221;][\/vc_column][vc_column width=&#8221;1\/2&#8243; css=&#8221;.vc_custom_1641462172547{padding-top: 150px !important;padding-right: 50px !important;padding-bottom: 50px !important;padding-left: 50px !important;}&#8221;][vc_column_text css_animation=&#8221;fadeInDown&#8221; css=&#8221;.vc_custom_1641463279636{padding-top: 40px !important;}&#8221;]<\/p>\n<h3><span style=\"color: #950048;\">Microclimat et va<\/span><span style=\"color: #950048;\">ri\u00e9t\u00e9 des sols d\u00e9terminent le c\u00e9page<\/span><\/h3>\n<div class=\"wpb_text_column wpb_content_element \">\n<div class=\"wpb_wrapper\">La nature forme la base, mais le viticulteur joue un r\u00f4le essentiel dans la qualit\u00e9 future du vin. En premi\u00e8re place, on trouve le choix du c\u00e9page. En fonction des diff\u00e9rents microclimats et de la diversit\u00e9 unique des sols, le viticulteur est charg\u00e9 de trouver l&#8217;endroit id\u00e9al pour chaque c\u00e9page. De ce fait, plus de 87% des vignobles de Salgesch poss\u00e8dent des vignes pour le vin rouge. Cette pr\u00e9disposition pour le vin rouge dans le Valais provient d&#8217;un \u00e9boulement pr\u00e9historique qui a dot\u00e9 le terroir d&#8217;une haute concentration en calcaire et en magn\u00e9sium.<\/div>\n<\/div>\n<p>[\/vc_column_text][\/vc_column][\/vc_row][vc_row full_width_row=&#8221;true&#8221; anchor=&#8221;qualitaet&#8221;][vc_column width=&#8221;1\/2&#8243; css=&#8221;.vc_custom_1641462172547{padding-top: 150px !important;padding-right: 50px !important;padding-bottom: 50px !important;padding-left: 50px !important;}&#8221;][vc_column_text css_animation=&#8221;fadeInDown&#8221; css=&#8221;.vc_custom_1641463566190{padding-top: 40px !important;}&#8221;]<\/p>\n<h3 style=\"text-align: right;\"><span style=\"color: #950048;\">Le qualit\u00e9 avant tout<\/span><\/h3>\n<p style=\"text-align: right;\">Le travail des vignes mise sur la qualit\u00e9 avant tout, ce qui permet aux vins de Salgesch de remporter chaque ann\u00e9e des distinctions lors de nombreux et prestigieux concours de vin internationaux.<\/p>\n<p style=\"text-align: right;\">Les viticulteurs de Salgesch sont soumis \u00e0 une stricte limite quantitative, et les vignes sont ainsi taill\u00e9es de mani\u00e8re cons\u00e9quente au printemps. De cette fa\u00e7on, chaque piquet de vigne fournit des grappes en moins grande quantit\u00e9, mais plus aromatis\u00e9e. Chaque grappe extrait en effet plus d&#8217;ar\u00f4mes et de principes actifs des sols pauvres. Les grands vins proviennent toujours de vignes ayant souffert.<\/p>\n<p>[\/vc_column_text][\/vc_column][vc_column width=&#8221;1\/2&#8243; css=&#8221;.vc_custom_1641462582395{padding-top: 200px !important;padding-bottom: 200px !important;background-image: url(http:\/\/salgesch.ch\/wp-content\/uploads\/2022\/01\/salgesch_weindorf_schweiz_wallis_5.jpg?id=6902) !important;background-position: center !important;background-repeat: no-repeat !important;background-size: cover !important;}&#8221;][\/vc_column][\/vc_row][vc_row full_width_row=&#8221;true&#8221; bg_type=&#8221;bg_color&#8221; anchor=&#8221;grandcru&#8221; el_class=&#8221;rowgrandcru&#8221; bg_color_value=&#8221;#ffffff&#8221; css=&#8221;.vc_custom_1476864895352{background-color: #ffffff !important;}&#8221;][vc_column][vc_empty_space height=&#8221;50px&#8221;][vc_column_text]<\/p>\n<h1 style=\"text-align: center;\"><strong>Grand Cru Salgesch\u00a0<\/strong><\/h1>\n<p>&nbsp;<\/p>\n<h3 style=\"text-align: center;\">Un label de qualit\u00e9 unique<\/h3>\n<p>[\/vc_column_text][vc_empty_space height=&#8221;50px&#8221;][\/vc_column][\/vc_row][vc_row full_width_row=&#8221;true&#8221; padding_left=&#8221;40&#8243; padding_right=&#8221;40&#8243; bg_type=&#8221;bg_color&#8221; el_id=&#8221;row2grandcru&#8221; css=&#8221;.vc_custom_1476868939236{background-color: #ffffff !important;}&#8221; bg_color_value=&#8221;#ffffff&#8221; el_class=&#8221;row2grandcru&#8221;][vc_column width=&#8221;1\/4&#8243; animation=&#8221;fadeInLeft&#8221; css=&#8221;.vc_custom_1476865447276{padding-right: 10px !important;padding-left: 10px !important;}&#8221;][vc_column_text]<\/p>\n<h3 style=\"text-align: center;\">Le premier en Suisse<\/h3>\n<p>[\/vc_column_text][vc_separator color=&#8221;custom&#8221; border_width=&#8221;4&#8243; el_width=&#8221;50&#8243; accent_color=&#8221;#950048&#8243;][vc_column_text]<\/p>\n<p style=\"text-align: center;\">Les habitants de Salgesch ont toujours su pr\u00e9dire l&#8217;avenir. En 1988 par exemple, ils ont instaur\u00e9 la limitation des rendements qui est aujourd&#8217;hui valable dans toute la Suisse. Cela ne leur a cependant pas suffit. Dans le m\u00eame \u00e9lan, ils ont cr\u00e9\u00e9 le premier vin Grand Cru suisse. Le lancement a effectivement fait fureur !<\/p>\n<p>[\/vc_column_text][\/vc_column][vc_column width=&#8221;1\/4&#8243; animation=&#8221;fadeInLeft&#8221; css=&#8221;.vc_custom_1476865456119{padding-right: 10px !important;padding-left: 10px !important;}&#8221;][vc_column_text]<\/p>\n<h3 style=\"text-align: center;\">Le meilleur des meilleurs<\/h3>\n<p>[\/vc_column_text][vc_separator color=&#8221;custom&#8221; border_width=&#8221;4&#8243; el_width=&#8221;50&#8243; accent_color=&#8221;#950048&#8243;][vc_column_text]<\/p>\n<div class=\"wpb_text_column wpb_content_element \">\n<div class=\"wpb_wrapper\">\n<p style=\"text-align: center;\">Les piliers d&#8217;angle du label sont rigoureux. Seulement 800 grammes de raisins peuvent \u00eatre produits sur un m\u00e8tre carr\u00e9, et la teneur en sucre des raisins du Grand Cru doit s&#8217;\u00e9lever \u00e0 plus de 96 degr\u00e9s Oechsle. Seuls les raisins cultiv\u00e9s selon la m\u00e9thode de la production int\u00e9gr\u00e9e, c&#8217;est-\u00e0-dire de mani\u00e8re \u00e9cologique, sont autoris\u00e9s.<\/p>\n<\/div>\n<\/div>\n<p>[\/vc_column_text][\/vc_column][vc_column width=&#8221;1\/4&#8243; animation=&#8221;fadeInRight&#8221; css=&#8221;.vc_custom_1476865486764{padding-right: 10px !important;padding-left: 10px !important;}&#8221;][vc_column_text]<\/p>\n<h3 style=\"text-align: center;\">Une \u00e9preuve difficile<\/h3>\n<p>[\/vc_column_text][vc_separator color=&#8221;custom&#8221; border_width=&#8221;4&#8243; el_width=&#8221;50&#8243; accent_color=&#8221;#950048&#8243;][vc_column_text]<\/p>\n<div class=\"wpb_text_column wpb_content_element \">\n<div class=\"wpb_wrapper\">\n<p style=\"text-align: center;\">Les vins doivent m\u00fbrir dans les caves des producteurs pendant au minimum 15 mois avant d&#8217;\u00eatre soumis au jugement d&#8217;une commission nationale de d\u00e9gustation. Ce n&#8217;est qu&#8217;apr\u00e8s avoir obtenu la note de 18\/20 de la commission que le vin est nomm\u00e9 Grand Cru de la commune de Salgesch et se voit attribuer le label en or correspondant de la commune de Salgesch.<\/p>\n<\/div>\n<\/div>\n<p>[\/vc_column_text][\/vc_column][vc_column width=&#8221;1\/4&#8243; animation=&#8221;fadeInRight&#8221; css=&#8221;.vc_custom_1476865495326{padding-right: 10px !important;padding-left: 10px !important;}&#8221;][vc_column_text]<\/p>\n<h3 style=\"text-align: center;\">Vin de qualit\u00e9 sup\u00e9rieure<\/h3>\n<p>[\/vc_column_text][vc_separator color=&#8221;custom&#8221; border_width=&#8221;4&#8243; el_width=&#8221;50&#8243; accent_color=&#8221;#950048&#8243;][vc_column_text]<\/p>\n<div class=\"wpb_text_column wpb_content_element \">\n<div class=\"wpb_wrapper\">\n<p style=\"text-align: center;\">La s\u00e9lection radicale est charg\u00e9e de confirmer qu&#8217;il s&#8217;agit d&#8217;un Grand Cru m\u00e9ritant le terme de vin de qualit\u00e9 sup\u00e9rieure. Une \u00e9lite des producteurs de vins de Salgesch se r\u00e9unit chaque ann\u00e9e afin de d\u00e9corer ces vins avec le label de qualit\u00e9 sup\u00e9rieure.<\/p>\n<\/div>\n<\/div>\n<p>[\/vc_column_text][\/vc_column][\/vc_row]<\/p>\n<\/div>","protected":false},"excerpt":{"rendered":"<p>[vc_row margin_top=&#8221;-50px&#8221; full_width_row=&#8221;true&#8221; bg_type=&#8221;bg_color&#8221; css=&#8221;.vc_custom_1476870602823{background-color: #ffffff !important;}&#8221; bg_color_value=&#8221;#ffffff&#8221;][vc_column][\/vc_column][\/vc_row][vc_row full_width_row=&#8221;true&#8221; anchor=&#8221;geschichte&#8221;][vc_column width=&#8221;1\/2&#8243; css=&#8221;.vc_custom_1641462312662{padding-top: 200px !important;padding-bottom: 200px !important;background-image: url(http:\/\/salgesch.ch\/wp-content\/uploads\/2022\/01\/salgesch_weindorf_schweiz_wallis_16.jpg?id=6934) !important;background-position: center !important;background-repeat: no-repeat !important;background-size: cover !important;}&#8221;][\/vc_column][vc_column width=&#8221;1\/2&#8243; css=&#8221;.vc_custom_1641462172547{padding-top: 150px !important;padding-right: 50px !important;padding-bottom: 50px !important;padding-left: 50px !important;}&#8221;][vc_column_text css_animation=&#8221;fadeInDown&#8221; css=&#8221;.vc_custom_1641463204540{padding-top: 40px !important;}&#8221; el_class=&#8221;textbox1&#8243;] Salgesch &#8211; Ces syllabes chantent le vin. Les vins rouges des plus grandes communes viticoles du&hellip;<\/p>\n","protected":false},"author":1,"featured_media":0,"parent":0,"menu_order":0,"comment_status":"closed","ping_status":"closed","template":"template-microsite.php","meta":{"footnotes":""},"class_list":["post-2000","page","type-page","status-publish","hentry","description-off"],"yoast_head":"<!-- This site is optimized with the Yoast SEO plugin v27.4 - https:\/\/yoast.com\/product\/yoast-seo-wordpress\/ -->\n<title>Culture du Vin - Salgesch I Salquenen<\/title>\n<meta name=\"description\" content=\"D\u00e9couvrez la culture du vin et l&#039;histoire de Salquenen, le village viticole de la Suisse. De la culture de la vigne au grand cru.\" \/>\n<meta name=\"robots\" content=\"index, follow, max-snippet:-1, max-image-preview:large, max-video-preview:-1\" \/>\n<link rel=\"canonical\" href=\"https:\/\/salgesch.ch\/fr\/culture-du-vin\/\" \/>\n<meta property=\"og:locale\" content=\"fr_FR\" \/>\n<meta property=\"og:type\" content=\"article\" \/>\n<meta property=\"og:title\" content=\"Culture du Vin - Salgesch I Salquenen\" \/>\n<meta property=\"og:description\" content=\"D\u00e9couvrez la culture du vin et l&#039;histoire de Salquenen, le village viticole de la Suisse. De la culture de la vigne au grand cru.\" \/>\n<meta property=\"og:url\" content=\"https:\/\/salgesch.ch\/fr\/culture-du-vin\/\" \/>\n<meta property=\"og:site_name\" content=\"Salgesch I Salquenen\" \/>\n<meta property=\"article:modified_time\" content=\"2022-03-28T12:31:31+00:00\" \/>\n<meta name=\"twitter:card\" content=\"summary_large_image\" \/>\n<meta name=\"twitter:label1\" content=\"Est. reading time\" \/>\n\t<meta name=\"twitter:data1\" content=\"5 minutes\" \/>\n<script type=\"application\/ld+json\" class=\"yoast-schema-graph\">{\"@context\":\"https:\\\/\\\/schema.org\",\"@graph\":[{\"@type\":\"WebPage\",\"@id\":\"https:\\\/\\\/salgesch.ch\\\/fr\\\/culture-du-vin\\\/\",\"url\":\"https:\\\/\\\/salgesch.ch\\\/fr\\\/culture-du-vin\\\/\",\"name\":\"Culture du Vin - Salgesch I Salquenen\",\"isPartOf\":{\"@id\":\"https:\\\/\\\/salgesch.ch\\\/fr\\\/#website\"},\"datePublished\":\"2016-10-21T14:15:12+00:00\",\"dateModified\":\"2022-03-28T12:31:31+00:00\",\"description\":\"D\u00e9couvrez la culture du vin et l'histoire de Salquenen, le village viticole de la Suisse. De la culture de la vigne au grand cru.\",\"breadcrumb\":{\"@id\":\"https:\\\/\\\/salgesch.ch\\\/fr\\\/culture-du-vin\\\/#breadcrumb\"},\"inLanguage\":\"fr-CH\",\"potentialAction\":[{\"@type\":\"ReadAction\",\"target\":[\"https:\\\/\\\/salgesch.ch\\\/fr\\\/culture-du-vin\\\/\"]}]},{\"@type\":\"BreadcrumbList\",\"@id\":\"https:\\\/\\\/salgesch.ch\\\/fr\\\/culture-du-vin\\\/#breadcrumb\",\"itemListElement\":[{\"@type\":\"ListItem\",\"position\":1,\"name\":\"Startseite\",\"item\":\"https:\\\/\\\/salgesch.ch\\\/fr\\\/\"},{\"@type\":\"ListItem\",\"position\":2,\"name\":\"Culture du Vin\"}]},{\"@type\":\"WebSite\",\"@id\":\"https:\\\/\\\/salgesch.ch\\\/fr\\\/#website\",\"url\":\"https:\\\/\\\/salgesch.ch\\\/fr\\\/\",\"name\":\"Salgesch I Salquenen\",\"description\":\"Das Weindorf der Schweiz\",\"potentialAction\":[{\"@type\":\"SearchAction\",\"target\":{\"@type\":\"EntryPoint\",\"urlTemplate\":\"https:\\\/\\\/salgesch.ch\\\/fr\\\/?s={search_term_string}\"},\"query-input\":{\"@type\":\"PropertyValueSpecification\",\"valueRequired\":true,\"valueName\":\"search_term_string\"}}],\"inLanguage\":\"fr-CH\"}]}<\/script>\n<!-- \/ Yoast SEO plugin. -->","yoast_head_json":{"title":"Culture du Vin - Salgesch I Salquenen","description":"D\u00e9couvrez la culture du vin et l'histoire de Salquenen, le village viticole de la Suisse. De la culture de la vigne au grand cru.","robots":{"index":"index","follow":"follow","max-snippet":"max-snippet:-1","max-image-preview":"max-image-preview:large","max-video-preview":"max-video-preview:-1"},"canonical":"https:\/\/salgesch.ch\/fr\/culture-du-vin\/","og_locale":"fr_FR","og_type":"article","og_title":"Culture du Vin - Salgesch I Salquenen","og_description":"D\u00e9couvrez la culture du vin et l'histoire de Salquenen, le village viticole de la Suisse. De la culture de la vigne au grand cru.","og_url":"https:\/\/salgesch.ch\/fr\/culture-du-vin\/","og_site_name":"Salgesch I Salquenen","article_modified_time":"2022-03-28T12:31:31+00:00","twitter_card":"summary_large_image","twitter_misc":{"Est. reading time":"5 minutes"},"schema":{"@context":"https:\/\/schema.org","@graph":[{"@type":"WebPage","@id":"https:\/\/salgesch.ch\/fr\/culture-du-vin\/","url":"https:\/\/salgesch.ch\/fr\/culture-du-vin\/","name":"Culture du Vin - Salgesch I Salquenen","isPartOf":{"@id":"https:\/\/salgesch.ch\/fr\/#website"},"datePublished":"2016-10-21T14:15:12+00:00","dateModified":"2022-03-28T12:31:31+00:00","description":"D\u00e9couvrez la culture du vin et l'histoire de Salquenen, le village viticole de la Suisse. De la culture de la vigne au grand cru.","breadcrumb":{"@id":"https:\/\/salgesch.ch\/fr\/culture-du-vin\/#breadcrumb"},"inLanguage":"fr-CH","potentialAction":[{"@type":"ReadAction","target":["https:\/\/salgesch.ch\/fr\/culture-du-vin\/"]}]},{"@type":"BreadcrumbList","@id":"https:\/\/salgesch.ch\/fr\/culture-du-vin\/#breadcrumb","itemListElement":[{"@type":"ListItem","position":1,"name":"Startseite","item":"https:\/\/salgesch.ch\/fr\/"},{"@type":"ListItem","position":2,"name":"Culture du Vin"}]},{"@type":"WebSite","@id":"https:\/\/salgesch.ch\/fr\/#website","url":"https:\/\/salgesch.ch\/fr\/","name":"Salgesch I Salquenen","description":"Das Weindorf der Schweiz","potentialAction":[{"@type":"SearchAction","target":{"@type":"EntryPoint","urlTemplate":"https:\/\/salgesch.ch\/fr\/?s={search_term_string}"},"query-input":{"@type":"PropertyValueSpecification","valueRequired":true,"valueName":"search_term_string"}}],"inLanguage":"fr-CH"}]}},"_links":{"self":[{"href":"https:\/\/salgesch.ch\/fr\/wp-json\/wp\/v2\/pages\/2000","targetHints":{"allow":["GET"]}}],"collection":[{"href":"https:\/\/salgesch.ch\/fr\/wp-json\/wp\/v2\/pages"}],"about":[{"href":"https:\/\/salgesch.ch\/fr\/wp-json\/wp\/v2\/types\/page"}],"author":[{"embeddable":true,"href":"https:\/\/salgesch.ch\/fr\/wp-json\/wp\/v2\/users\/1"}],"replies":[{"embeddable":true,"href":"https:\/\/salgesch.ch\/fr\/wp-json\/wp\/v2\/comments?post=2000"}],"version-history":[{"count":7,"href":"https:\/\/salgesch.ch\/fr\/wp-json\/wp\/v2\/pages\/2000\/revisions"}],"predecessor-version":[{"id":7432,"href":"https:\/\/salgesch.ch\/fr\/wp-json\/wp\/v2\/pages\/2000\/revisions\/7432"}],"wp:attachment":[{"href":"https:\/\/salgesch.ch\/fr\/wp-json\/wp\/v2\/media?parent=2000"}],"curies":[{"name":"wp","href":"https:\/\/api.w.org\/{rel}","templated":true}]}}