{"id":2004,"date":"2016-10-20T16:22:41","date_gmt":"2016-10-20T16:22:41","guid":{"rendered":"http:\/\/salgesch.ch\/fr\/?page_id=2004"},"modified":"2022-01-06T12:39:53","modified_gmt":"2022-01-06T12:39:53","slug":"partenaires","status":"publish","type":"page","link":"https:\/\/salgesch.ch\/fr\/partenaires\/","title":{"rendered":"Partenaires"},"content":{"rendered":"<div class=\"wpb-content-wrapper\"><p>[vc_row][vc_column][vc_empty_space][vc_column_text]<\/p>\n<h5 style=\"text-align: center;\"><span style=\"color: #950048;\">M\u00e9diatisation du village viticole<\/span><\/h5>\n<h2 style=\"text-align: center;\"><strong><span style=\"color: black;\">Des partenaires puissants<\/span><\/strong><\/h2>\n<p>[\/vc_column_text][vc_column_text css=&#8221;.vc_custom_1477058532431{margin-top: 50px !important;margin-right: 50px !important;margin-bottom: 50px !important;margin-left: 50px !important;}&#8221;]<\/p>\n<p style=\"text-align: center;\">L&#8217;association du village viticole de Salgesch est en \u00e9troite coop\u00e9ration avec diff\u00e9rents partenaires de la r\u00e9gion.<\/p>\n<p>[\/vc_column_text][\/vc_column][\/vc_row][vc_row][vc_column][vc_empty_space][\/vc_column][\/vc_row][vc_row][vc_column width=&#8221;1\/3&#8243; animation=&#8221;fadeInLeft&#8221;][vc_column_text]<\/p>\n<h4 style=\"text-align: center;\"><span style=\"color: black;\">Commune de Salquenen<\/span><\/h4>\n<p>[\/vc_column_text][vc_single_image image=&#8221;1873&#8243; img_size=&#8221;200&#215;200&#8243; alignment=&#8221;center&#8221; onclick=&#8221;custom_link&#8221; img_link_target=&#8221;_blank&#8221; link=&#8221;http:\/\/salgesch.ch\/&#8221;][\/vc_column][vc_column width=&#8221;1\/3&#8243; animation=&#8221;fadeInUp&#8221;][vc_column_text]<\/p>\n<h4 style=\"text-align: center;\"><span style=\"color: black;\">Parc naturel\u00a0Pfyn-Finges<\/span><\/h4>\n<p>[\/vc_column_text][vc_single_image image=&#8221;1872&#8243; img_size=&#8221;200&#215;200&#8243; alignment=&#8221;center&#8221; onclick=&#8221;custom_link&#8221; img_link_target=&#8221;_blank&#8221; link=&#8221;https:\/\/www.pfyn-finges.ch\/&#8221;][\/vc_column][vc_column width=&#8221;1\/3&#8243; animation=&#8221;fadeInRight&#8221;][vc_column_text]<\/p>\n<h4 style=\"text-align: center;\"><span style=\"color: black;\">Sierre Tourisme<\/span><\/h4>\n<p>[\/vc_column_text][vc_single_image image=&#8221;1874&#8243; img_size=&#8221;200&#215;200&#8243; alignment=&#8221;center&#8221; onclick=&#8221;custom_link&#8221; link=&#8221;https:\/\/www.sierretourisme.ch\/&#8221;][\/vc_column][\/vc_row][vc_row][vc_column width=&#8221;1\/3&#8243; animation=&#8221;fadeInLeft&#8221;][vc_column_text]<\/p>\n<h4 style=\"text-align: center;\"><span style=\"color: black;\">Sierre Anniviers Marketing<\/span><\/h4>\n<p>[\/vc_column_text][vc_single_image image=&#8221;1969&#8243; img_size=&#8221;200&#215;200&#8243; alignment=&#8221;center&#8221; onclick=&#8221;custom_link&#8221; img_link_target=&#8221;_blank&#8221; link=&#8221;https:\/\/www.sierre-anniviers.ch\/&#8221;][\/vc_column][vc_column width=&#8221;1\/3&#8243; animation=&#8221;fadeInUp&#8221;][vc_column_text]<\/p>\n<h4 style=\"text-align: center;\"><span style=\"color: black;\">Zermatt Tourisme<\/span><\/h4>\n<p>[\/vc_column_text][vc_single_image image=&#8221;3250&#8243; img_size=&#8221;200&#215;200&#8243; alignment=&#8221;center&#8221; onclick=&#8221;custom_link&#8221; img_link_target=&#8221;_blank&#8221; link=&#8221;https:\/\/www.zermatt.ch\/&#8221;][\/vc_column][vc_column width=&#8221;1\/3&#8243; animation=&#8221;fadeInRight&#8221;][vc_column_text]<\/p>\n<h4 style=\"text-align: center;\"><span style=\"color: black;\">Valais Wallis Promotion<\/span><\/h4>\n<p>[\/vc_column_text][vc_single_image image=&#8221;1973&#8243; img_size=&#8221;200&#215;200&#8243; alignment=&#8221;center&#8221; onclick=&#8221;custom_link&#8221; img_link_target=&#8221;_blank&#8221; link=&#8221;https:\/\/www.valais.ch\/&#8221;][\/vc_column][\/vc_row][vc_row][vc_column width=&#8221;1\/3&#8243; animation=&#8221;fadeInLeft&#8221;][\/vc_column][vc_column width=&#8221;1\/3&#8243; animation=&#8221;fadeInUp&#8221;][vc_column_text]<\/p>\n<h4 style=\"text-align: center;\"><span style=\"color: black;\">Interprofession de la vigne et du Vin du Valais<\/span><\/h4>\n<p>[\/vc_column_text][vc_single_image image=&#8221;2514&#8243; img_size=&#8221;200&#215;200&#8243; alignment=&#8221;center&#8221; onclick=&#8221;custom_link&#8221; img_link_target=&#8221;_blank&#8221; link=&#8221;https:\/\/www.lesvinsduvalais.ch&#8221;][\/vc_column][vc_column width=&#8221;1\/3&#8243; animation=&#8221;fadeInRight&#8221;][\/vc_column][\/vc_row][vc_row][vc_column][vc_empty_space][\/vc_column][\/vc_row]<\/p>\n<\/div>","protected":false},"excerpt":{"rendered":"<p>[vc_row][vc_column][vc_empty_space][vc_column_text] M\u00e9diatisation du village viticole Des partenaires puissants [\/vc_column_text][vc_column_text css=&#8221;.vc_custom_1477058532431{margin-top: 50px !important;margin-right: 50px !important;margin-bottom: 50px !important;margin-left: 50px !important;}&#8221;] L&#8217;association du village viticole de Salgesch est en \u00e9troite coop\u00e9ration avec diff\u00e9rents partenaires de la r\u00e9gion. [\/vc_column_text][\/vc_column][\/vc_row][vc_row][vc_column][vc_empty_space][\/vc_column][\/vc_row][vc_row][vc_column width=&#8221;1\/3&#8243; animation=&#8221;fadeInLeft&#8221;][vc_column_text] Commune de Salquenen [\/vc_column_text][vc_single_image image=&#8221;1873&#8243; img_size=&#8221;200&#215;200&#8243; alignment=&#8221;center&#8221; onclick=&#8221;custom_link&#8221; img_link_target=&#8221;_blank&#8221; link=&#8221;http:\/\/salgesch.ch\/&#8221;][\/vc_column][vc_column width=&#8221;1\/3&#8243; animation=&#8221;fadeInUp&#8221;][vc_column_text] Parc naturel\u00a0Pfyn-Finges [\/vc_column_text][vc_single_image image=&#8221;1872&#8243; img_size=&#8221;200&#215;200&#8243; alignment=&#8221;center&#8221;&hellip;<\/p>\n","protected":false},"author":1,"featured_media":0,"parent":0,"menu_order":0,"comment_status":"closed","ping_status":"closed","template":"","meta":{"footnotes":""},"class_list":["post-2004","page","type-page","status-publish","hentry","description-off"],"yoast_head":"<!-- This site is optimized with the Yoast SEO plugin v27.3 - https:\/\/yoast.com\/product\/yoast-seo-wordpress\/ -->\n<title>Partenaires - Salgesch I Salquenen<\/title>\n<meta name=\"robots\" content=\"index, follow, max-snippet:-1, max-image-preview:large, max-video-preview:-1\" \/>\n<link rel=\"canonical\" href=\"https:\/\/salgesch.ch\/fr\/partenaires\/\" \/>\n<meta property=\"og:locale\" content=\"fr_FR\" \/>\n<meta property=\"og:type\" content=\"article\" \/>\n<meta property=\"og:title\" content=\"Partenaires - Salgesch I Salquenen\" \/>\n<meta property=\"og:description\" content=\"[vc_row][vc_column][vc_empty_space][vc_column_text] M\u00e9diatisation du village viticole Des partenaires puissants [\/vc_column_text][vc_column_text css=&#8221;.vc_custom_1477058532431{margin-top: 50px !important;margin-right: 50px !important;margin-bottom: 50px !important;margin-left: 50px !important;}&#8221;] L&#8217;association du village viticole de Salgesch est en \u00e9troite coop\u00e9ration avec diff\u00e9rents partenaires de la r\u00e9gion. [\/vc_column_text][\/vc_column][\/vc_row][vc_row][vc_column][vc_empty_space][\/vc_column][\/vc_row][vc_row][vc_column width=&#8221;1\/3&#8243; animation=&#8221;fadeInLeft&#8221;][vc_column_text] Commune de Salquenen [\/vc_column_text][vc_single_image image=&#8221;1873&#8243; img_size=&#8221;200&#215;200&#8243; alignment=&#8221;center&#8221; onclick=&#8221;custom_link&#8221; img_link_target=&#8221;_blank&#8221; link=&#8221;http:\/\/salgesch.ch\/&#8221;][\/vc_column][vc_column width=&#8221;1\/3&#8243; animation=&#8221;fadeInUp&#8221;][vc_column_text] Parc naturel\u00a0Pfyn-Finges [\/vc_column_text][vc_single_image image=&#8221;1872&#8243; img_size=&#8221;200&#215;200&#8243; alignment=&#8221;center&#8221;&hellip;\" \/>\n<meta property=\"og:url\" content=\"https:\/\/salgesch.ch\/fr\/partenaires\/\" \/>\n<meta property=\"og:site_name\" content=\"Salgesch I Salquenen\" \/>\n<meta property=\"article:modified_time\" content=\"2022-01-06T12:39:53+00:00\" \/>\n<meta name=\"twitter:card\" content=\"summary_large_image\" \/>\n<meta name=\"twitter:label1\" content=\"Est. reading time\" \/>\n\t<meta name=\"twitter:data1\" content=\"1 minute\" \/>\n<script type=\"application\/ld+json\" class=\"yoast-schema-graph\">{\"@context\":\"https:\\\/\\\/schema.org\",\"@graph\":[{\"@type\":\"WebPage\",\"@id\":\"https:\\\/\\\/salgesch.ch\\\/fr\\\/partenaires\\\/\",\"url\":\"https:\\\/\\\/salgesch.ch\\\/fr\\\/partenaires\\\/\",\"name\":\"Partenaires - Salgesch I Salquenen\",\"isPartOf\":{\"@id\":\"https:\\\/\\\/salgesch.ch\\\/fr\\\/#website\"},\"datePublished\":\"2016-10-20T16:22:41+00:00\",\"dateModified\":\"2022-01-06T12:39:53+00:00\",\"breadcrumb\":{\"@id\":\"https:\\\/\\\/salgesch.ch\\\/fr\\\/partenaires\\\/#breadcrumb\"},\"inLanguage\":\"fr-CH\",\"potentialAction\":[{\"@type\":\"ReadAction\",\"target\":[\"https:\\\/\\\/salgesch.ch\\\/fr\\\/partenaires\\\/\"]}]},{\"@type\":\"BreadcrumbList\",\"@id\":\"https:\\\/\\\/salgesch.ch\\\/fr\\\/partenaires\\\/#breadcrumb\",\"itemListElement\":[{\"@type\":\"ListItem\",\"position\":1,\"name\":\"Startseite\",\"item\":\"https:\\\/\\\/salgesch.ch\\\/fr\\\/\"},{\"@type\":\"ListItem\",\"position\":2,\"name\":\"Partenaires\"}]},{\"@type\":\"WebSite\",\"@id\":\"https:\\\/\\\/salgesch.ch\\\/fr\\\/#website\",\"url\":\"https:\\\/\\\/salgesch.ch\\\/fr\\\/\",\"name\":\"Salgesch I Salquenen\",\"description\":\"Das Weindorf der Schweiz\",\"potentialAction\":[{\"@type\":\"SearchAction\",\"target\":{\"@type\":\"EntryPoint\",\"urlTemplate\":\"https:\\\/\\\/salgesch.ch\\\/fr\\\/?s={search_term_string}\"},\"query-input\":{\"@type\":\"PropertyValueSpecification\",\"valueRequired\":true,\"valueName\":\"search_term_string\"}}],\"inLanguage\":\"fr-CH\"}]}<\/script>\n<!-- \/ Yoast SEO plugin. -->","yoast_head_json":{"title":"Partenaires - Salgesch I Salquenen","robots":{"index":"index","follow":"follow","max-snippet":"max-snippet:-1","max-image-preview":"max-image-preview:large","max-video-preview":"max-video-preview:-1"},"canonical":"https:\/\/salgesch.ch\/fr\/partenaires\/","og_locale":"fr_FR","og_type":"article","og_title":"Partenaires - Salgesch I Salquenen","og_description":"[vc_row][vc_column][vc_empty_space][vc_column_text] M\u00e9diatisation du village viticole Des partenaires puissants [\/vc_column_text][vc_column_text css=&#8221;.vc_custom_1477058532431{margin-top: 50px !important;margin-right: 50px !important;margin-bottom: 50px !important;margin-left: 50px !important;}&#8221;] L&#8217;association du village viticole de Salgesch est en \u00e9troite coop\u00e9ration avec diff\u00e9rents partenaires de la r\u00e9gion. [\/vc_column_text][\/vc_column][\/vc_row][vc_row][vc_column][vc_empty_space][\/vc_column][\/vc_row][vc_row][vc_column width=&#8221;1\/3&#8243; animation=&#8221;fadeInLeft&#8221;][vc_column_text] Commune de Salquenen [\/vc_column_text][vc_single_image image=&#8221;1873&#8243; img_size=&#8221;200&#215;200&#8243; alignment=&#8221;center&#8221; onclick=&#8221;custom_link&#8221; img_link_target=&#8221;_blank&#8221; link=&#8221;http:\/\/salgesch.ch\/&#8221;][\/vc_column][vc_column width=&#8221;1\/3&#8243; animation=&#8221;fadeInUp&#8221;][vc_column_text] Parc naturel\u00a0Pfyn-Finges [\/vc_column_text][vc_single_image image=&#8221;1872&#8243; img_size=&#8221;200&#215;200&#8243; alignment=&#8221;center&#8221;&hellip;","og_url":"https:\/\/salgesch.ch\/fr\/partenaires\/","og_site_name":"Salgesch I Salquenen","article_modified_time":"2022-01-06T12:39:53+00:00","twitter_card":"summary_large_image","twitter_misc":{"Est. reading time":"1 minute"},"schema":{"@context":"https:\/\/schema.org","@graph":[{"@type":"WebPage","@id":"https:\/\/salgesch.ch\/fr\/partenaires\/","url":"https:\/\/salgesch.ch\/fr\/partenaires\/","name":"Partenaires - Salgesch I Salquenen","isPartOf":{"@id":"https:\/\/salgesch.ch\/fr\/#website"},"datePublished":"2016-10-20T16:22:41+00:00","dateModified":"2022-01-06T12:39:53+00:00","breadcrumb":{"@id":"https:\/\/salgesch.ch\/fr\/partenaires\/#breadcrumb"},"inLanguage":"fr-CH","potentialAction":[{"@type":"ReadAction","target":["https:\/\/salgesch.ch\/fr\/partenaires\/"]}]},{"@type":"BreadcrumbList","@id":"https:\/\/salgesch.ch\/fr\/partenaires\/#breadcrumb","itemListElement":[{"@type":"ListItem","position":1,"name":"Startseite","item":"https:\/\/salgesch.ch\/fr\/"},{"@type":"ListItem","position":2,"name":"Partenaires"}]},{"@type":"WebSite","@id":"https:\/\/salgesch.ch\/fr\/#website","url":"https:\/\/salgesch.ch\/fr\/","name":"Salgesch I Salquenen","description":"Das Weindorf der Schweiz","potentialAction":[{"@type":"SearchAction","target":{"@type":"EntryPoint","urlTemplate":"https:\/\/salgesch.ch\/fr\/?s={search_term_string}"},"query-input":{"@type":"PropertyValueSpecification","valueRequired":true,"valueName":"search_term_string"}}],"inLanguage":"fr-CH"}]}},"_links":{"self":[{"href":"https:\/\/salgesch.ch\/fr\/wp-json\/wp\/v2\/pages\/2004","targetHints":{"allow":["GET"]}}],"collection":[{"href":"https:\/\/salgesch.ch\/fr\/wp-json\/wp\/v2\/pages"}],"about":[{"href":"https:\/\/salgesch.ch\/fr\/wp-json\/wp\/v2\/types\/page"}],"author":[{"embeddable":true,"href":"https:\/\/salgesch.ch\/fr\/wp-json\/wp\/v2\/users\/1"}],"replies":[{"embeddable":true,"href":"https:\/\/salgesch.ch\/fr\/wp-json\/wp\/v2\/comments?post=2004"}],"version-history":[{"count":2,"href":"https:\/\/salgesch.ch\/fr\/wp-json\/wp\/v2\/pages\/2004\/revisions"}],"predecessor-version":[{"id":7229,"href":"https:\/\/salgesch.ch\/fr\/wp-json\/wp\/v2\/pages\/2004\/revisions\/7229"}],"wp:attachment":[{"href":"https:\/\/salgesch.ch\/fr\/wp-json\/wp\/v2\/media?parent=2004"}],"curies":[{"name":"wp","href":"https:\/\/api.w.org\/{rel}","templated":true}]}}