{"id":9237,"date":"2025-12-17T11:00:30","date_gmt":"2025-12-17T11:00:30","guid":{"rendered":"https:\/\/salgesch.ch\/?page_id=9237"},"modified":"2026-03-31T20:24:31","modified_gmt":"2026-03-31T20:24:31","slug":"cartecadeau","status":"publish","type":"page","link":"https:\/\/salgesch.ch\/fr\/boncadeaux\/","title":{"rendered":"Bon Cadeaux"},"content":{"rendered":"<div class=\"wpb-content-wrapper\"><p>[vc_row][vc_column]<div class=\"aio-icon-component    style_1\"><div id=\"Info-box-wrap-3658\" class=\"aio-icon-box square_box-icon\" style=\"\"  ><div class=\"aio-icon-square_box\"><div class=\"ult-just-icon-wrapper  \"><div class=\"align-icon\" style=\"text-align:center;\">\n<div class=\"aio-icon circle \"  style=\"color:#333;background:#ffffff;font-size:32px;display:inline-block;\">\n\t<i class=\"Defaults-exclamation-triangle warning\"><\/i>\n<\/div><\/div><\/div><\/div><\/div> <!-- aio-icon-box --><\/div> <!-- aio-icon-component -->[\/vc_column][\/vc_row][vc_row full_width=&#8221;stretch_row&#8221; bg_type=&#8221;bg_color&#8221; ult_hide_row=&#8221;ult_hide_row_value&#8221; ult_hide_row_tablet=&#8221;tablet&#8221; ult_hide_row_tablet_small=&#8221;xs_tablet&#8221; ult_hide_row_mobile=&#8221;mobile&#8221; ult_hide_row_mobile_large=&#8221;xl_mobile&#8221;][vc_column width=&#8221;1\/2&#8243;]<div tabindex=\"0\" class=\"ult-new-ib ult-ib-effect-style10  ult-ib-resp ult-ib2-min-height \" data-min-width=\"768\" data-max-width=\"900\" style=\"background:#000000; opacity:0; \" data-opacity=\"0.6\" data-hover-opacity=\"0\"  data-min-height=\"500\" ><img decoding=\"async\" class=\"ult-new-ib-img\" style=\"opacity:0.6;\" alt=\"null\" src=\"https:\/\/salgesch.ch\/wp-content\/uploads\/2025\/12\/FXT40152_WEB\u00a9christianpfammatter-1024x631-1.jpg\"  data-min-height=\"500\"   \/><div id=\"interactive-banner-wrap-4051\" class=\"ult-new-ib-desc\" style=\"\"><h2 class=\"ult-new-ib-title ult-responsive\"  data-ultimate-target='#interactive-banner-wrap-4051 .ult-new-ib-title'  data-responsive-json-new='{\"font-size\":\"desktop:30px;tablet:22px;tablet_portrait:22px;mobile_landscape:22px;mobile:22px;\",\"line-height\":\"desktop:25px;tablet:25px;tablet_portrait:25px;mobile_landscape:25px;mobile:25px;\"}'  style=\"font-weight:normal;color:#FFFFFF;\">BON CADEAU<br \/>\nPRINTEMPS DU VIN<br \/>\n29.- par personne<\/h2><div class=\"ult-new-ib-content ult-responsive\"  data-ultimate-target='#interactive-banner-wrap-4051 .ult-new-ib-content'  data-responsive-json-new='{\"font-size\":\"\",\"line-height\":\"\"}'  style=\"font-weight:normal;color:#FFFFFF;\"><p>Obtiens ton bon et participe au Printemps du vin \u00e0 Salgesch !<\/p>\n<p>Plaisir, action et ambiance printani\u00e8re t'attendent : rouler des tonneaux, d\u00e9guster des vins raffin\u00e9s, savourer des sp\u00e9cialit\u00e9s valaisannes, \u00e9couter de la musique live, profiter d'un DJ et d'une ambiance festive jusqu'au soir. L'entr\u00e9e au mus\u00e9e du vin est comprise dans le prix du billet.<\/p>\n<p>Remarque : un bon ne donne pas automatiquement droit \u00e0 un billet. La participation d\u00e9pend de la disponibilit\u00e9 des places.<\/p><\/div><\/div><a class=\"ult-new-ib-link\" href=\"https:\/\/buy.stripe.com\/14A4gycyg7A18CnbpI1Nu01\" target=\"_blank\" rel=\"noopener\" data-touch-delay=\"0\"><\/a><\/div>[\/vc_column][vc_column width=&#8221;1\/2&#8243;]<div tabindex=\"0\" class=\"ult-new-ib ult-ib-effect-style10  ult-ib-resp ult-ib2-min-height \" data-min-width=\"768\" data-max-width=\"900\" style=\"background:#000000; opacity:0; \" data-opacity=\"0.6\" data-hover-opacity=\"0\"  data-min-height=\"500\" ><img decoding=\"async\" class=\"ult-new-ib-img\" style=\"opacity:0.6;\" alt=\"null\" src=\"https:\/\/salgesch.ch\/wp-content\/uploads\/2023\/05\/Gross-WineBrunch2024_ManuelCina35.jpeg\"  data-min-height=\"500\"   \/><div id=\"interactive-banner-wrap-6750\" class=\"ult-new-ib-desc\" style=\"\"><h2 class=\"ult-new-ib-title ult-responsive\"  data-ultimate-target='#interactive-banner-wrap-6750 .ult-new-ib-title'  data-responsive-json-new='{\"font-size\":\"desktop:30px;tablet:22px;tablet_portrait:22px;mobile_landscape:22px;mobile:22px;\",\"line-height\":\"desktop:25px;tablet:25px;tablet_portrait:25px;mobile_landscape:25px;mobile:25px;\"}'  style=\"font-weight:normal;color:#FFFFFF;\">BON CADEAU<br \/>\nTAVOLATA<br \/>\n39.- par personne<\/h2><div class=\"ult-new-ib-content ult-responsive\"  data-ultimate-target='#interactive-banner-wrap-6750 .ult-new-ib-content'  data-responsive-json-new='{\"font-size\":\"\",\"line-height\":\"\"}'  style=\"font-weight:normal;color:#FFFFFF;\"><p>Obtenez votre bon et commencez la journ\u00e9e en beaut\u00e9 avec un brunch autour du vin !<\/p>\n<p>D\u00e9gustations, vins et sp\u00e9cialit\u00e9s r\u00e9gionales vous attendent lors d'un brunch raffin\u00e9 au c\u0153ur de Salgesch, avec ap\u00e9ritif, mets raffin\u00e9s et vins de caract\u00e8re dans la cour historique de la commanderie de Saint-Jean.<\/p>\n<p>Remarque : un bon ne donne pas automatiquement droit \u00e0 un billet. La participation d\u00e9pend de la disponibilit\u00e9 des places.<\/p><\/div><\/div><a class=\"ult-new-ib-link\" href=\"https:\/\/buy.stripe.com\/9B614mdCk4nP6ufbpI1Nu02\" target=\"_blank\" rel=\"noopener\" data-touch-delay=\"0\"><\/a><\/div>[\/vc_column][\/vc_row][vc_row full_width=&#8221;stretch_row&#8221; bg_type=&#8221;bg_color&#8221; ult_hide_row=&#8221;ult_hide_row_value&#8221; ult_hide_row_large_screen=&#8221;large_screen&#8221; ult_hide_row_desktop=&#8221;desktop&#8221; ult_hide_row_tablet=&#8221;tablet&#8221; ult_hide_row_tablet_small=&#8221;xs_tablet&#8221; ult_hide_row_mobile=&#8221;mobile&#8221; ult_hide_row_mobile_large=&#8221;xl_mobile&#8221;][vc_column width=&#8221;1\/2&#8243;]<div tabindex=\"0\" class=\"ult-new-ib ult-ib-effect-style10  ult-ib-resp ult-ib2-min-height \" data-min-width=\"768\" data-max-width=\"900\" style=\"background:#000000; opacity:0; \" data-opacity=\"0.6\" data-hover-opacity=\"0\"  data-min-height=\"500\" ><img decoding=\"async\" class=\"ult-new-ib-img\" style=\"opacity:0.6;\" alt=\"null\" src=\"https:\/\/salgesch.ch\/wp-content\/uploads\/2025\/12\/stories_629239_56023876.jpg\"  data-min-height=\"500\"   \/><div id=\"interactive-banner-wrap-4649\" class=\"ult-new-ib-desc\" style=\"\"><h2 class=\"ult-new-ib-title ult-responsive\"  data-ultimate-target='#interactive-banner-wrap-4649 .ult-new-ib-title'  data-responsive-json-new='{\"font-size\":\"desktop:30px;tablet:22px;tablet_portrait:22px;mobile_landscape:22px;mobile:22px;\",\"line-height\":\"desktop:25px;tablet:25px;tablet_portrait:25px;mobile_landscape:25px;mobile:25px;\"}'  style=\"font-weight:normal;color:#FFFFFF;\">BON CADEAU<br \/>\nTEMPS DE VENDAGES<br \/>\n29.- par personne<\/h2><div class=\"ult-new-ib-content ult-responsive\"  data-ultimate-target='#interactive-banner-wrap-4649 .ult-new-ib-content'  data-responsive-json-new='{\"font-size\":\"\",\"line-height\":\"\"}'  style=\"font-weight:normal;color:#FFFFFF;\"><p>Obtenez votre bon et venez c\u00e9l\u00e9brer le temps de vendages (Wimd\u00e4rziit) avec nous \u2013 plaisir, vin et ambiance automnale compris.<\/p>\n<p>Une petite randonn\u00e9e viticole \u00e0 travers les vignobles, des haltes d\u00e9gustation chez les vignerons de Salgesch, de la musique live, des boissons raffin\u00e9es et une ambiance conviviale vous garantissent une journ\u00e9e d'automne pleine d'ambiance. L'entr\u00e9e au mus\u00e9e du vin est comprise dans le billet.<\/p>\n<p>Remarque : un bon ne donne pas automatiquement droit \u00e0 un billet. La participation d\u00e9pend de la disponibilit\u00e9 des places.<\/p><\/div><\/div><a class=\"ult-new-ib-link\" href=\"https:\/\/buy.stripe.com\/eVqdR8buc3jL8Cn0L41Nu03\" target=\"_blank\" rel=\"noopener\" data-touch-delay=\"0\"><\/a><\/div>[\/vc_column][vc_column width=&#8221;1\/2&#8243;][\/vc_column][\/vc_row][vc_row full_width=&#8221;stretch_row&#8221; bg_type=&#8221;bg_color&#8221; ult_hide_row=&#8221;ult_hide_row_value&#8221; ult_hide_row_large_screen=&#8221;large_screen&#8221; ult_hide_row_desktop=&#8221;desktop&#8221;][vc_column width=&#8221;1\/2&#8243;]<div class=\"shortcode-banner shortcode-banner-link\" style=\"min-height: 150px;background-image: url(https:\/\/salgesch.ch\/wp-content\/uploads\/2025\/12\/FXT40152_WEB\u00a9christianpfammatter-1024x631-1.jpg)\" onclick=\"window.location.href='https:\/\/buy.stripe.com\/14A4gycyg7A18CnbpI1Nu01';\"><div class=\"shortcode-banner-bg wf-table\" style=\"padding: 10px;min-height: 150px\"><div class=\"shortcode-banner-inside wf-table text-big\" style=\"background-color: rgb(0,0,0);background-color: #000000A3;border: solid 10px transparent;outline: solid 3px;outline-color: #00000000;height: 140px\"><div><h5><span style=\"color: #ffffff;\"><strong>BON CADEAU<\/strong><\/span><\/h5>\n<h5><span style=\"color: #ffffff;\"><strong>PRINTEMPS DU VIN<\/strong><\/span><\/h5>\n<h5><span style=\"color: #ffffff;\"><strong>29.- par personne<\/strong><\/span><\/h5>\n<p><span style=\"color: #ffffff;\">Obtiens ton bon et participe au Printemps du vin \u00e0 Salgesch !<\/span><\/p>\n<p><span style=\"color: #ffffff;\">Plaisir, action et ambiance printani\u00e8re t&#8217;attendent : rouler des tonneaux, d\u00e9guster des vins raffin\u00e9s, savourer des sp\u00e9cialit\u00e9s valaisannes, \u00e9couter de la musique live, profiter d&#8217;un DJ et d&#8217;une ambiance festive jusqu&#8217;au soir. L&#8217;entr\u00e9e au mus\u00e9e du vin est comprise dans le prix du billet.<\/span><\/p>\n<p><span style=\"color: #ffffff;\">Remarque : un bon ne donne pas automatiquement droit \u00e0 un billet. La participation d\u00e9pend de la disponibilit\u00e9 des places.<\/span><\/p>\n<p><span style=\"color: #ffffff;\">CLIQUEZ ET ACHETEZ UN BON D&#8217;ACHAT<\/span><\/p>\n<\/div><\/div><\/div><\/div>[\/vc_column][vc_column width=&#8221;1\/2&#8243;]<div class=\"shortcode-banner shortcode-banner-link\" style=\"min-height: 150px;background-image: url(https:\/\/salgesch.ch\/wp-content\/uploads\/2025\/12\/Gross-WineBrunch2024_ManuelCina14-682x1024-1.jpeg)\" onclick=\"window.location.href='https:\/\/buy.stripe.com\/9B614mdCk4nP6ufbpI1Nu02';\"><div class=\"shortcode-banner-bg wf-table\" style=\"padding: 10px;min-height: 150px\"><div class=\"shortcode-banner-inside wf-table text-big\" style=\"background-color: rgb(0,0,0);background-color: #000000A3;border: solid 10px transparent;outline: solid 3px;outline-color: #00000000;height: 140px\"><div><h5><span style=\"color: #ffffff;\"><strong>BON CADEAU<\/strong><\/span><\/h5>\n<h5><span style=\"color: #ffffff;\"><strong>TAVOLATA<\/strong><\/span><\/h5>\n<h5><span style=\"color: #ffffff;\"><strong>39.-\u00a0 par personne<\/strong><\/span><\/h5>\n<p><span style=\"color: #ffffff;\">Obtenez votre bon et commencez la journ\u00e9e en beaut\u00e9 avec un brunch autour du vin !<\/span><\/p>\n<p><span style=\"color: #ffffff;\">D\u00e9gustations, vins et sp\u00e9cialit\u00e9s r\u00e9gionales vous attendent lors d&#8217;un brunch raffin\u00e9 au c\u0153ur de Salgesch, avec ap\u00e9ritif, mets raffin\u00e9s et vins de caract\u00e8re dans la cour historique de la commanderie de Saint-Jean.<\/span><\/p>\n<p><span style=\"color: #ffffff;\">Remarque : un bon ne donne pas automatiquement droit \u00e0 un billet. La participation d\u00e9pend de la disponibilit\u00e9 des places.<\/span><\/p>\n<p><span style=\"color: #ffffff;\">CLIQUEZ ET ACHETEZ UN BON D&#8217;ACHAT<\/span><\/p>\n<\/div><\/div><\/div><\/div>[\/vc_column][\/vc_row][vc_row full_width=&#8221;stretch_row&#8221; bg_type=&#8221;bg_color&#8221; ult_hide_row=&#8221;ult_hide_row_value&#8221; ult_hide_row_large_screen=&#8221;large_screen&#8221; ult_hide_row_desktop=&#8221;desktop&#8221; ult_hide_row_tablet=&#8221;tablet&#8221; ult_hide_row_tablet_small=&#8221;xs_tablet&#8221; ult_hide_row_mobile=&#8221;mobile&#8221; ult_hide_row_mobile_large=&#8221;xl_mobile&#8221;][vc_column width=&#8221;1\/2&#8243;]<div class=\"shortcode-banner shortcode-banner-link\" style=\"min-height: 150px;background-image: url(https:\/\/salgesch.ch\/wp-content\/uploads\/2025\/12\/stories_629239_56023876.jpg)\" onclick=\"window.location.href='https:\/\/buy.stripe.com\/eVqdR8buc3jL8Cn0L41Nu03';\"><div class=\"shortcode-banner-bg wf-table\" style=\"padding: 10px;min-height: 150px\"><div class=\"shortcode-banner-inside wf-table text-big\" style=\"background-color: rgb(0,0,0);background-color: #000000A3;border: solid 10px transparent;outline: solid 3px;outline-color: #00000000;height: 140px\"><div><h5><span style=\"color: #ffffff;\">BON CADEAU<\/span><\/h5>\n<h5><span style=\"color: #ffffff;\">TEMPS DE VENDANGES<\/span><\/h5>\n<h5><span style=\"color: #ffffff;\">29.- par personne<\/span><\/h5>\n<p><span style=\"color: #ffffff;\">Obtenez votre bon et venez c\u00e9l\u00e9brer le temps de vendanges (Wimd\u00e4rziit) avec nous \u2013 plaisir, vin et ambiance automnale compris.<\/span><\/p>\n<p><span style=\"color: #ffffff;\">Une petite randonn\u00e9e viticole \u00e0 travers les vignobles, des haltes d\u00e9gustation chez les vignerons de Salgesch, de la musique live, des boissons raffin\u00e9es et une ambiance conviviale vous garantissent une journ\u00e9e d&#8217;automne pleine d&#8217;ambiance. L&#8217;entr\u00e9e au mus\u00e9e du vin est comprise dans le billet.<\/span><\/p>\n<p><span style=\"color: #ffffff;\">Remarque : un bon ne donne pas automatiquement droit \u00e0 un billet. La participation d\u00e9pend de la disponibilit\u00e9 des places.<\/span><\/p>\n<p><span style=\"color: #ffffff;\">CLIQUEZ ET ACHETEZ UN BON D&#8217;ACHAT<\/span><\/p>\n<\/div><\/div><\/div><\/div>[\/vc_column][vc_column width=&#8221;1\/2&#8243;][\/vc_column][\/vc_row]<\/p>\n<\/div>","protected":false},"excerpt":{"rendered":"<p>[vc_row][vc_column][\/vc_column][\/vc_row][vc_row full_width=&#8221;stretch_row&#8221; bg_type=&#8221;bg_color&#8221; ult_hide_row=&#8221;ult_hide_row_value&#8221; ult_hide_row_tablet=&#8221;tablet&#8221; ult_hide_row_tablet_small=&#8221;xs_tablet&#8221; ult_hide_row_mobile=&#8221;mobile&#8221; ult_hide_row_mobile_large=&#8221;xl_mobile&#8221;][vc_column width=&#8221;1\/2&#8243;][\/vc_column][vc_column width=&#8221;1\/2&#8243;][\/vc_column][\/vc_row][vc_row full_width=&#8221;stretch_row&#8221; bg_type=&#8221;bg_color&#8221; ult_hide_row=&#8221;ult_hide_row_value&#8221; ult_hide_row_large_screen=&#8221;large_screen&#8221; ult_hide_row_desktop=&#8221;desktop&#8221; ult_hide_row_tablet=&#8221;tablet&#8221; ult_hide_row_tablet_small=&#8221;xs_tablet&#8221; ult_hide_row_mobile=&#8221;mobile&#8221; ult_hide_row_mobile_large=&#8221;xl_mobile&#8221;][vc_column width=&#8221;1\/2&#8243;][\/vc_column][vc_column width=&#8221;1\/2&#8243;][\/vc_column][\/vc_row][vc_row full_width=&#8221;stretch_row&#8221; bg_type=&#8221;bg_color&#8221; ult_hide_row=&#8221;ult_hide_row_value&#8221; ult_hide_row_large_screen=&#8221;large_screen&#8221; ult_hide_row_desktop=&#8221;desktop&#8221;][vc_column width=&#8221;1\/2&#8243;][\/vc_column][vc_column width=&#8221;1\/2&#8243;][\/vc_column][\/vc_row][vc_row full_width=&#8221;stretch_row&#8221; bg_type=&#8221;bg_color&#8221; ult_hide_row=&#8221;ult_hide_row_value&#8221; ult_hide_row_large_screen=&#8221;large_screen&#8221; ult_hide_row_desktop=&#8221;desktop&#8221; ult_hide_row_tablet=&#8221;tablet&#8221; ult_hide_row_tablet_small=&#8221;xs_tablet&#8221; ult_hide_row_mobile=&#8221;mobile&#8221; ult_hide_row_mobile_large=&#8221;xl_mobile&#8221;][vc_column width=&#8221;1\/2&#8243;][\/vc_column][vc_column width=&#8221;1\/2&#8243;][\/vc_column][\/vc_row]<\/p>\n","protected":false},"author":1,"featured_media":0,"parent":0,"menu_order":0,"comment_status":"closed","ping_status":"closed","template":"template-microsite.php","meta":{"footnotes":""},"class_list":["post-9237","page","type-page","status-publish","hentry","description-off"],"yoast_head":"<!-- This site is optimized with the Yoast SEO plugin v27.5 - https:\/\/yoast.com\/product\/yoast-seo-wordpress\/ -->\n<title>Bon Cadeaux - Salgesch I Salquenen<\/title>\n<meta name=\"description\" content=\"D\u00e9couvrez la culture du vin et l&#039;histoire de Salquenen, le village viticole de la Suisse. De la culture de la vigne au grand cru.\" \/>\n<meta name=\"robots\" content=\"index, follow, max-snippet:-1, max-image-preview:large, max-video-preview:-1\" \/>\n<link rel=\"canonical\" href=\"https:\/\/salgesch.ch\/fr\/boncadeaux\/\" \/>\n<meta property=\"og:locale\" content=\"fr_FR\" \/>\n<meta property=\"og:type\" content=\"article\" \/>\n<meta property=\"og:title\" content=\"Bon Cadeaux - Salgesch I Salquenen\" \/>\n<meta property=\"og:description\" content=\"D\u00e9couvrez la culture du vin et l&#039;histoire de Salquenen, le village viticole de la Suisse. De la culture de la vigne au grand cru.\" \/>\n<meta property=\"og:url\" content=\"https:\/\/salgesch.ch\/fr\/boncadeaux\/\" \/>\n<meta property=\"og:site_name\" content=\"Salgesch I Salquenen\" \/>\n<meta property=\"article:modified_time\" content=\"2026-03-31T20:24:31+00:00\" \/>\n<meta name=\"twitter:card\" content=\"summary_large_image\" \/>\n<meta name=\"twitter:label1\" content=\"Est. reading time\" \/>\n\t<meta name=\"twitter:data1\" content=\"5 minutes\" \/>\n<script type=\"application\/ld+json\" class=\"yoast-schema-graph\">{\"@context\":\"https:\\\/\\\/schema.org\",\"@graph\":[{\"@type\":\"WebPage\",\"@id\":\"https:\\\/\\\/salgesch.ch\\\/fr\\\/boncadeaux\\\/\",\"url\":\"https:\\\/\\\/salgesch.ch\\\/fr\\\/boncadeaux\\\/\",\"name\":\"Bon Cadeaux - Salgesch I Salquenen\",\"isPartOf\":{\"@id\":\"https:\\\/\\\/salgesch.ch\\\/fr\\\/#website\"},\"datePublished\":\"2025-12-17T11:00:30+00:00\",\"dateModified\":\"2026-03-31T20:24:31+00:00\",\"description\":\"D\u00e9couvrez la culture du vin et l'histoire de Salquenen, le village viticole de la Suisse. De la culture de la vigne au grand cru.\",\"breadcrumb\":{\"@id\":\"https:\\\/\\\/salgesch.ch\\\/fr\\\/boncadeaux\\\/#breadcrumb\"},\"inLanguage\":\"fr-CH\",\"potentialAction\":[{\"@type\":\"ReadAction\",\"target\":[\"https:\\\/\\\/salgesch.ch\\\/fr\\\/boncadeaux\\\/\"]}]},{\"@type\":\"BreadcrumbList\",\"@id\":\"https:\\\/\\\/salgesch.ch\\\/fr\\\/boncadeaux\\\/#breadcrumb\",\"itemListElement\":[{\"@type\":\"ListItem\",\"position\":1,\"name\":\"Startseite\",\"item\":\"https:\\\/\\\/salgesch.ch\\\/fr\\\/\"},{\"@type\":\"ListItem\",\"position\":2,\"name\":\"Bon Cadeaux\"}]},{\"@type\":\"WebSite\",\"@id\":\"https:\\\/\\\/salgesch.ch\\\/fr\\\/#website\",\"url\":\"https:\\\/\\\/salgesch.ch\\\/fr\\\/\",\"name\":\"Salgesch I Salquenen\",\"description\":\"Das Weindorf der Schweiz\",\"potentialAction\":[{\"@type\":\"SearchAction\",\"target\":{\"@type\":\"EntryPoint\",\"urlTemplate\":\"https:\\\/\\\/salgesch.ch\\\/fr\\\/?s={search_term_string}\"},\"query-input\":{\"@type\":\"PropertyValueSpecification\",\"valueRequired\":true,\"valueName\":\"search_term_string\"}}],\"inLanguage\":\"fr-CH\"}]}<\/script>\n<!-- \/ Yoast SEO plugin. -->","yoast_head_json":{"title":"Bon Cadeaux - Salgesch I Salquenen","description":"D\u00e9couvrez la culture du vin et l'histoire de Salquenen, le village viticole de la Suisse. De la culture de la vigne au grand cru.","robots":{"index":"index","follow":"follow","max-snippet":"max-snippet:-1","max-image-preview":"max-image-preview:large","max-video-preview":"max-video-preview:-1"},"canonical":"https:\/\/salgesch.ch\/fr\/boncadeaux\/","og_locale":"fr_FR","og_type":"article","og_title":"Bon Cadeaux - Salgesch I Salquenen","og_description":"D\u00e9couvrez la culture du vin et l'histoire de Salquenen, le village viticole de la Suisse. De la culture de la vigne au grand cru.","og_url":"https:\/\/salgesch.ch\/fr\/boncadeaux\/","og_site_name":"Salgesch I Salquenen","article_modified_time":"2026-03-31T20:24:31+00:00","twitter_card":"summary_large_image","twitter_misc":{"Est. reading time":"5 minutes"},"schema":{"@context":"https:\/\/schema.org","@graph":[{"@type":"WebPage","@id":"https:\/\/salgesch.ch\/fr\/boncadeaux\/","url":"https:\/\/salgesch.ch\/fr\/boncadeaux\/","name":"Bon Cadeaux - Salgesch I Salquenen","isPartOf":{"@id":"https:\/\/salgesch.ch\/fr\/#website"},"datePublished":"2025-12-17T11:00:30+00:00","dateModified":"2026-03-31T20:24:31+00:00","description":"D\u00e9couvrez la culture du vin et l'histoire de Salquenen, le village viticole de la Suisse. De la culture de la vigne au grand cru.","breadcrumb":{"@id":"https:\/\/salgesch.ch\/fr\/boncadeaux\/#breadcrumb"},"inLanguage":"fr-CH","potentialAction":[{"@type":"ReadAction","target":["https:\/\/salgesch.ch\/fr\/boncadeaux\/"]}]},{"@type":"BreadcrumbList","@id":"https:\/\/salgesch.ch\/fr\/boncadeaux\/#breadcrumb","itemListElement":[{"@type":"ListItem","position":1,"name":"Startseite","item":"https:\/\/salgesch.ch\/fr\/"},{"@type":"ListItem","position":2,"name":"Bon Cadeaux"}]},{"@type":"WebSite","@id":"https:\/\/salgesch.ch\/fr\/#website","url":"https:\/\/salgesch.ch\/fr\/","name":"Salgesch I Salquenen","description":"Das Weindorf der Schweiz","potentialAction":[{"@type":"SearchAction","target":{"@type":"EntryPoint","urlTemplate":"https:\/\/salgesch.ch\/fr\/?s={search_term_string}"},"query-input":{"@type":"PropertyValueSpecification","valueRequired":true,"valueName":"search_term_string"}}],"inLanguage":"fr-CH"}]}},"_links":{"self":[{"href":"https:\/\/salgesch.ch\/fr\/wp-json\/wp\/v2\/pages\/9237","targetHints":{"allow":["GET"]}}],"collection":[{"href":"https:\/\/salgesch.ch\/fr\/wp-json\/wp\/v2\/pages"}],"about":[{"href":"https:\/\/salgesch.ch\/fr\/wp-json\/wp\/v2\/types\/page"}],"author":[{"embeddable":true,"href":"https:\/\/salgesch.ch\/fr\/wp-json\/wp\/v2\/users\/1"}],"replies":[{"embeddable":true,"href":"https:\/\/salgesch.ch\/fr\/wp-json\/wp\/v2\/comments?post=9237"}],"version-history":[{"count":10,"href":"https:\/\/salgesch.ch\/fr\/wp-json\/wp\/v2\/pages\/9237\/revisions"}],"predecessor-version":[{"id":9485,"href":"https:\/\/salgesch.ch\/fr\/wp-json\/wp\/v2\/pages\/9237\/revisions\/9485"}],"wp:attachment":[{"href":"https:\/\/salgesch.ch\/fr\/wp-json\/wp\/v2\/media?parent=9237"}],"curies":[{"name":"wp","href":"https:\/\/api.w.org\/{rel}","templated":true}]}}