{"id":9425,"date":"2026-04-01T01:18:19","date_gmt":"2026-04-01T01:18:19","guid":{"rendered":"https:\/\/salgesch.ch\/?page_id=9425"},"modified":"2026-04-25T07:31:03","modified_gmt":"2026-04-25T07:31:03","slug":"evenements-2","status":"publish","type":"page","link":"https:\/\/salgesch.ch\/fr\/evenements-2\/","title":{"rendered":"\u00c9v\u00e9nements"},"content":{"rendered":"<div class=\"wpb-content-wrapper\"><p>[vc_row gap=&#8221;30&#8243;][vc_column][vc_column_text css=&#8221;&#8221;]<\/p>\n<h2 data-start=\"438\" data-end=\"482\"><b>Nos \u00e9v\u00e9nements \u00e0 Salquenen<\/b><\/h2>\n<p>[\/vc_column_text][vc_column_text css=&#8221;&#8221;]<\/p>\n<h3>Organis\u00e9 avec passion par l&#8217;association<\/h3>\n<p>[\/vc_column_text]<div class=\"dt-shortcode with-isotope\"><div class=\"wf-container dt-portfolio-shortcode jgrid-shortcode loading-effect-none iso-grid jg-container description-on-hover hover-style-one content-align-centre always-show-info\" data-padding=\"20px\" data-cur-page=\"1\" data-posts-per-page=\"-1\" data-part-row=\"false\" data-target-height=\"500px\">\n<div class=\"wf-cell\" data-post-id=\"2036\" data-date=\"2025-04-26T08:41:21+00:00\" data-name=\"PRINTEMPS DU VIN&lt;br&gt;24.04.2027\">\n<article class=\"post post-2036 dt_portfolio type-dt_portfolio status-publish has-post-thumbnail hentry dt_portfolio_category-en-vedette dt_portfolio_category-evenements dt_portfolio_category-34 dt_portfolio_category-18 text-centered\">\n\n\t<figure class=\"rollover-project forward-post\">\n\t<a href=\"https:\/\/salgesch.ch\/fr\/evenements\/printemps-du-vin\/\" class=\"layzr-bg\" title=\"FXT40138_WEB\u00a9christianpfammatter\"  aria-label=\"Post image\"><img fetchpriority=\"high\" decoding=\"async\" class=\"preload-me jgrid-lazy-load aspect\" src=\"data:image\/svg+xml,%3Csvg%20xmlns%3D&#39;http%3A%2F%2Fwww.w3.org%2F2000%2Fsvg&#39;%20viewBox%3D&#39;0%200%20866%20650&#39;%2F%3E\" data-src=\"https:\/\/salgesch.ch\/wp-content\/uploads\/2022\/04\/FXT40138_WEB\u00a9christianpfammatter-866x650.jpg\" data-srcset=\"https:\/\/salgesch.ch\/wp-content\/uploads\/2022\/04\/FXT40138_WEB\u00a9christianpfammatter-866x650.jpg 866w, https:\/\/salgesch.ch\/wp-content\/uploads\/2022\/04\/FXT40138_WEB\u00a9christianpfammatter-1577x1184.jpg 1577w\" loading=\"eager\" style=\"--ratio: 866 \/ 650\" sizes=\"(max-width: 866px) 100vw, 866px\" alt=\"\" width=\"866\" height=\"650\"  \/><\/a>\t\t<figcaption class=\"rollover-content\">\n\t\t\t\t\t\t<div class=\"rollover-content-container\">\n\t\t\t<h3 class=\"entry-title\"><a href=\"https:\/\/salgesch.ch\/fr\/evenements\/printemps-du-vin\/\" title=\"PRINTEMPS DU VIN24.04.2027\" rel=\"bookmark\">PRINTEMPS DU VIN<br>24.04.2027<\/a><\/h3>\t\t<\/div>\n\t\t\t\t\t<\/figcaption>\n\t<\/figure>\n<\/article>\n\n<\/div>\n<div class=\"wf-cell\" data-post-id=\"2649\" data-date=\"2025-05-14T08:40:11+00:00\" data-name=\"Wine &amp; Brunch Tavolata&lt;br&gt;\">\n<article class=\"post post-2649 dt_portfolio type-dt_portfolio status-publish has-post-thumbnail hentry dt_portfolio_category-en-vedette dt_portfolio_category-evenements dt_portfolio_category-34 dt_portfolio_category-18 text-centered\">\n\n\t<figure class=\"rollover-project forward-post\">\n\t<a href=\"https:\/\/salgesch.ch\/fr\/evenements\/brunch\/\" class=\"layzr-bg\" title=\"Grand (Wine&amp;Brunch2024_ManuelCina40)\"  aria-label=\"Post image\"><img decoding=\"async\" class=\"preload-me jgrid-lazy-load aspect\" src=\"data:image\/svg+xml,%3Csvg%20xmlns%3D&#39;http%3A%2F%2Fwww.w3.org%2F2000%2Fsvg&#39;%20viewBox%3D&#39;0%200%20866%20650&#39;%2F%3E\" data-src=\"https:\/\/salgesch.ch\/wp-content\/uploads\/2023\/05\/Gross-WineBrunch2024_ManuelCina40-866x650.jpeg\" data-srcset=\"https:\/\/salgesch.ch\/wp-content\/uploads\/2023\/05\/Gross-WineBrunch2024_ManuelCina40-866x650.jpeg 866w, https:\/\/salgesch.ch\/wp-content\/uploads\/2023\/05\/Gross-WineBrunch2024_ManuelCina40-1136x853.jpeg 1136w\" loading=\"eager\" style=\"--ratio: 866 \/ 650\" sizes=\"(max-width: 866px) 100vw, 866px\" alt=\"\" width=\"866\" height=\"650\"  \/><\/a>\t\t<figcaption class=\"rollover-content\">\n\t\t\t\t\t\t<div class=\"rollover-content-container\">\n\t\t\t<h3 class=\"entry-title\"><a href=\"https:\/\/salgesch.ch\/fr\/evenements\/brunch\/\" title=\"Wine &#038; Brunch Tavolata\" rel=\"bookmark\">Wine &#038; Brunch Tavolata<br><\/a><\/h3>\t\t<\/div>\n\t\t\t\t\t<\/figcaption>\n\t<\/figure>\n<\/article>\n\n<\/div>\n<div class=\"wf-cell\" data-post-id=\"8528\" data-date=\"2025-06-07T07:48:43+00:00\" data-name=\"D\u00c9GUSTATIONS D&#039;\u00c9T\u00c9&lt;br&gt;\">\n<article class=\"post post-8528 dt_portfolio type-dt_portfolio status-publish has-post-thumbnail hentry dt_portfolio_category-en-vedette dt_portfolio_category-evenements dt_portfolio_category-34 dt_portfolio_category-18 text-centered\">\n\n\t<figure class=\"rollover-project forward-post\">\n\t<a href=\"https:\/\/salgesch.ch\/fr\/evenements\/ete\/\" class=\"layzr-bg\" title=\"image_123650291\"  aria-label=\"Post image\"><img decoding=\"async\" class=\"preload-me jgrid-lazy-load aspect\" src=\"data:image\/svg+xml,%3Csvg%20xmlns%3D&#39;http%3A%2F%2Fwww.w3.org%2F2000%2Fsvg&#39;%20viewBox%3D&#39;0%200%20866%20650&#39;%2F%3E\" data-src=\"https:\/\/salgesch.ch\/wp-content\/uploads\/2024\/01\/image_123650291-1-866x650.jpg\" data-srcset=\"https:\/\/salgesch.ch\/wp-content\/uploads\/2024\/01\/image_123650291-1-866x650.jpg 866w, https:\/\/salgesch.ch\/wp-content\/uploads\/2024\/01\/image_123650291-1-1732x1300.jpg 1732w\" loading=\"eager\" style=\"--ratio: 866 \/ 650\" sizes=\"(max-width: 866px) 100vw, 866px\" alt=\"\" width=\"866\" height=\"650\"  \/><\/a>\t\t<figcaption class=\"rollover-content\">\n\t\t\t\t\t\t<div class=\"rollover-content-container\">\n\t\t\t<h3 class=\"entry-title\"><a href=\"https:\/\/salgesch.ch\/fr\/evenements\/ete\/\" title=\"D\u00c9GUSTATIONS D&#8217;\u00c9T\u00c9\" rel=\"bookmark\">D\u00c9GUSTATIONS D&#8217;\u00c9T\u00c9<br><\/a><\/h3>\t\t<\/div>\n\t\t\t\t\t<\/figcaption>\n\t<\/figure>\n<\/article>\n\n<\/div>\n<div class=\"wf-cell\" data-post-id=\"8992\" data-date=\"2025-09-06T06:33:37+00:00\" data-name=\"Randonn\u00e9e gourmande des vendanges &lt;br\/&gt; 05\/09\/2026\">\n<article class=\"post post-8992 dt_portfolio type-dt_portfolio status-publish has-post-thumbnail hentry dt_portfolio_category-en-vedette dt_portfolio_category-evenements dt_portfolio_category-34 dt_portfolio_category-18 text-centered\">\n\n\t<figure class=\"rollover-project forward-post\">\n\t<a href=\"https:\/\/salgesch.ch\/fr\/evenements\/vendanges\/\" class=\"layzr-bg\" title=\"vendanges-2026-visuel-principal\"  aria-label=\"Post image\"><img decoding=\"async\" class=\"preload-me jgrid-lazy-load aspect\" src=\"data:image\/svg+xml,%3Csvg%20xmlns%3D&#39;http%3A%2F%2Fwww.w3.org%2F2000%2Fsvg&#39;%20viewBox%3D&#39;0%200%20866%20650&#39;%2F%3E\" data-src=\"https:\/\/salgesch.ch\/wp-content\/uploads\/2025\/09\/weinherbst-2026-main-visual-866x650.png\" data-srcset=\"https:\/\/salgesch.ch\/wp-content\/uploads\/2025\/09\/weinherbst-2026-main-visual-866x650.png 866w, https:\/\/salgesch.ch\/wp-content\/uploads\/2025\/09\/weinherbst-2026-main-visual-1732x1300.png 1732w\" loading=\"eager\" style=\"--ratio: 866 \/ 650\" sizes=\"(max-width: 866px) 100vw, 866px\" alt=\"Rebsortenwanderung mit Degustation und Kulinarik in Salgesch\" width=\"866\" height=\"650\"  \/><\/a>\t\t<figcaption class=\"rollover-content\">\n\t\t\t\t\t\t<div class=\"rollover-content-container\">\n\t\t\t<h3 class=\"entry-title\"><a href=\"https:\/\/salgesch.ch\/fr\/evenements\/vendanges\/\" title=\"Randonn\u00e9e gourmande des vendanges  05\/09\/2026\" rel=\"bookmark\">Randonn\u00e9e gourmande des vendanges <br\/> 05\/09\/2026<\/a><\/h3>\t\t<\/div>\n\t\t\t\t\t<\/figcaption>\n\t<\/figure>\n<\/article>\n\n<\/div><\/div><\/div>[vc_empty_space height=&#8221;130px&#8221;][\/vc_column][\/vc_row][vc_row css=&#8221;.vc_custom_1775040996781{padding-top: 26px !important;padding-bottom: 28px !important;background-color: #F5F3F100 !important;}&#8221;][vc_column][vc_column_text css=&#8221;.vc_custom_1775044036040{margin-bottom: 22px !important;}&#8221;]<\/p>\n<h3><b>Autres temps forts \u00e0 Salquenen<\/b><\/h3>\n<p>[\/vc_column_text][vc_row_inner equal_height=&#8221;yes&#8221; content_placement=&#8221;middle&#8221; css=&#8221;.vc_custom_1775043973625{border-bottom-width: 0.8px !important;padding-top: 22px !important;padding-bottom: 22px !important;border-bottom-style: solid !important;border-color: #DDD7D2 !important;}&#8221;][vc_column_inner width=&#8221;1\/4&#8243; offset=&#8221;vc_col-xs-12&#8243;][vc_column_text css=&#8221;&#8221;]<\/p>\n<div style=\"font-size: 14px; color: #7f7f7f; line-height: 1.4;\">\n<div style=\"font-weight: 500;\">25.4.2026<br \/>\nSamedi<\/div>\n<\/div>\n<p>[\/vc_column_text][\/vc_column_inner][vc_column_inner width=&#8221;1\/2&#8243; offset=&#8221;vc_col-xs-12&#8243;][vc_column_text css=&#8221;&#8221;]<\/p>\n<div style=\"line-height: 1.35;\">\n<div style=\"font-size: 19px; font-weight: 600; color: #2b2b2b;\"><b>Un d\u00e9tour au mus\u00e9e<\/b><\/div>\n<div style=\"font-size: 13px; color: #8a8a8a; margin-top: 4px; line-height: 1.35;\">\n<p>Un d\u00e9tour au Mus\u00e9e du Vin de Salquenen<\/p>\n<\/div>\n<\/div>\n<p>[\/vc_column_text][vc_column_text css=&#8221;&#8221;]<\/p>\n<div style=\"line-height: 1.35;\">\n<div style=\"font-size: 19px; font-weight: 600; color: #2b2b2b;\"><span style=\"color: #8a8a8a; font-size: 13px; font-weight: normal;\">11h00 &#8211; 18h00 : Entr\u00e9e libre<br \/>\n13h30 : Visite guid\u00e9e express gratuite<\/span><\/div>\n<\/div>\n<p>[\/vc_column_text][\/vc_column_inner][vc_column_inner width=&#8221;1\/4&#8243; offset=&#8221;vc_col-xs-12&#8243;][\/vc_column_inner][\/vc_row_inner][vc_row_inner equal_height=&#8221;yes&#8221; content_placement=&#8221;middle&#8221; css=&#8221;.vc_custom_1775043973625{border-bottom-width: 0.8px !important;padding-top: 22px !important;padding-bottom: 22px !important;border-bottom-style: solid !important;border-color: #DDD7D2 !important;}&#8221;][vc_column_inner width=&#8221;1\/4&#8243; offset=&#8221;vc_col-xs-12&#8243;][vc_column_text css=&#8221;&#8221;]<\/p>\n<div style=\"font-size: 14px; color: #7f7f7f; line-height: 1.4;\">\n<div style=\"font-weight: 500;\">14\u201316.05.2026<br \/>\nJeudi &#8211; Samedi<\/div>\n<\/div>\n<p>[\/vc_column_text][\/vc_column_inner][vc_column_inner width=&#8221;1\/2&#8243; offset=&#8221;vc_col-xs-12&#8243;][vc_column_text css=&#8221;&#8221;]<\/p>\n<div style=\"line-height: 1.35;\">\n<div style=\"font-size: 19px; font-weight: 600; color: #2b2b2b;\">Journ\u00e9es portes ouvertes des caves<\/div>\n<div style=\"font-size: 13px; color: #8a8a8a; margin-top: 4px; line-height: 1.35;\">Swiss Wine Valais \u00b7 gratuit<\/div>\n<\/div>\n<p>[\/vc_column_text][\/vc_column_inner][vc_column_inner width=&#8221;1\/4&#8243; offset=&#8221;vc_col-xs-12&#8243;][vc_column_text css=&#8221;&#8221;]<\/p>\n<div style=\"display: flex; justify-content: flex-end;\"><a style=\"display: inline-block; padding: 3px 14px; border-radius: 6px; background: #a1005b; color: #fff; font-size: 13px; font-weight: 500; text-decoration: none;\" href=\"https:\/\/salgesch.ch\/fr\/evenements\/caves-ouvertes-valais\/\"><br \/>\nInfos<br \/>\n<\/a><\/div>\n<p>[\/vc_column_text][\/vc_column_inner][\/vc_row_inner][vc_row_inner equal_height=&#8221;yes&#8221; content_placement=&#8221;middle&#8221; css=&#8221;.vc_custom_1775043989408{border-bottom-width: 0.8px !important;padding-top: 22px !important;padding-bottom: 22px !important;border-bottom-style: solid !important;border-color: #E9E4DF !important;}&#8221;][vc_column_inner width=&#8221;1\/4&#8243; offset=&#8221;vc_col-xs-12&#8243;][vc_column_text css=&#8221;&#8221;]<\/p>\n<div style=\"font-size: 14px; color: #7f7f7f; line-height: 1.4;\">\n<div style=\"font-weight: 500;\">12.09.2026<\/div>\n<div style=\"font-size: 12px; margin-top: 2px;\">Samedi<\/div>\n<\/div>\n<p>[\/vc_column_text][\/vc_column_inner][vc_column_inner width=&#8221;1\/2&#8243; offset=&#8221;vc_col-xs-12&#8243;][vc_column_text css=&#8221;&#8221;]<\/p>\n<div style=\"line-height: 1.35;\">\n<div style=\"font-size: 19px; font-weight: 600; color: #2b2b2b;\">Randonn\u00e9e viticole Salgesch<\/div>\n<div style=\"font-size: 13px; color: #8a8a8a; margin-top: 4px; line-height: 1.35;\">Wallis Kostbar AG \u00b7 50 CHF<\/div>\n<\/div>\n<p>[\/vc_column_text][\/vc_column_inner][vc_column_inner width=&#8221;1\/4&#8243; offset=&#8221;vc_col-xs-12&#8243;][vc_column_text css=&#8221;&#8221;]<\/p>\n<div style=\"display: flex; justify-content: flex-end; gap: 8px;\"><a style=\"display: inline-block; padding: 3px 14px; border-radius: 6px; border: 1px solid #a1005b; color: #a1005b; font-size: 13px; font-weight: 500; text-decoration: none;\" href=\"https:\/\/eventfrog.ch\/de\/p\/freizeit-ausfluege\/wanderung\/weinwanderung-balade-des-vins-wine-walk-salgesch-7430508417226159668.html\" target=\"_blank\" rel=\"noopener\"><br \/>\nBillets<br \/>\n<\/a><a style=\"display: inline-block; padding: 3px 14px; border-radius: 6px; background: #a1005b; color: #fff; font-size: 13px; font-weight: 500; text-decoration: none;\" href=\"https:\/\/salgesch.ch\/fr\/?post_type=dt_portfolio&amp;p=9459\"><br \/>\nInfos<br \/>\n<\/a><\/div>\n<p>[\/vc_column_text][\/vc_column_inner][\/vc_row_inner][vc_row_inner equal_height=&#8221;yes&#8221; content_placement=&#8221;middle&#8221; css=&#8221;.vc_custom_1775044004555{border-bottom-width: 0.8px !important;padding-top: 22px !important;padding-bottom: 22px !important;border-bottom-style: solid !important;border-color: #E9E4DF !important;}&#8221;][vc_column_inner width=&#8221;1\/4&#8243; offset=&#8221;vc_col-xs-12&#8243;][vc_column_text css=&#8221;&#8221;]<\/p>\n<div style=\"font-size: 14px; color: #7f7f7f; line-height: 1.4;\">\n<div style=\"font-weight: 500;\">Novembre 2026<\/div>\n<\/div>\n<p>[\/vc_column_text][\/vc_column_inner][vc_column_inner width=&#8221;1\/2&#8243; offset=&#8221;vc_col-xs-12&#8243;][vc_column_text css=&#8221;&#8221;]<\/p>\n<div style=\"line-height: 1.35;\">\n<div style=\"font-size: 19px; font-weight: 600; color: #2b2b2b;\">March\u00e9 de l&#8217;Avent<\/div>\n<div style=\"font-size: 13px; color: #8a8a8a; margin-top: 4px; line-height: 1.35;\">Associations Salgesch \u00b7 gratuit<\/div>\n<\/div>\n<p>[\/vc_column_text][\/vc_column_inner][vc_column_inner width=&#8221;1\/4&#8243; offset=&#8221;vc_col-xs-12&#8243;][vc_column_text css=&#8221;&#8221;]<\/p>\n<div style=\"display: flex; justify-content: flex-end;\"><a style=\"display: inline-block; padding: 3px 14px; border-radius: 6px; background: #a1005b; color: #fff; font-size: 13px; font-weight: 500; text-decoration: none;\" href=\"https:\/\/salgesch.ch\/fr\/evenements\/marche-de-lavent-2\/\"><br \/>\nInfos<br \/>\n<\/a><\/div>\n<p>[\/vc_column_text][\/vc_column_inner][\/vc_row_inner][\/vc_column][\/vc_row][vc_row][vc_column]<div class=\"ult_row_spacer\"><div class=\"ult-sticky-anchor\"><div class=\"ult-sticky-section ult-sticky \"  data-stick_behaviour= 'stick_permanent' data-lr_position= 'left' data-lr_value= '0'  data-sticky_width= 'customwidth'120px data-sticky_customwidth= '120px' data-sticky_position= 'bottom' data-mobile='yes' data-support='no'>[vc_single_image image=&#8221;8292&#8243; img_size=&#8221;full&#8221; onclick=&#8221;custom_link&#8221; css_animation=&#8221;none&#8221; link=&#8221;https:\/\/salgesch.ch\/fr\/sommeliere\/&#8221;]<\/div><div class=\"ult-space\"><\/div><\/div><\/div>[\/vc_column][\/vc_row]<\/p>\n<\/div>","protected":false},"excerpt":{"rendered":"<p>[vc_row gap=&#8221;30&#8243;][vc_column][vc_column_text css=&#8221;&#8221;] Nos \u00e9v\u00e9nements \u00e0 Salquenen [\/vc_column_text][vc_column_text css=&#8221;&#8221;] Organis\u00e9 avec passion par l&#8217;association [\/vc_column_text][vc_empty_space height=&#8221;130px&#8221;][\/vc_column][\/vc_row][vc_row css=&#8221;.vc_custom_1775040996781{padding-top: 26px !important;padding-bottom: 28px !important;background-color: #F5F3F100 !important;}&#8221;][vc_column][vc_column_text css=&#8221;.vc_custom_1775044036040{margin-bottom: 22px !important;}&#8221;] Autres temps forts \u00e0 Salquenen [\/vc_column_text][vc_row_inner equal_height=&#8221;yes&#8221; content_placement=&#8221;middle&#8221; css=&#8221;.vc_custom_1775043973625{border-bottom-width: 0.8px !important;padding-top: 22px !important;padding-bottom: 22px !important;border-bottom-style: solid !important;border-color: #DDD7D2 !important;}&#8221;][vc_column_inner width=&#8221;1\/4&#8243; offset=&#8221;vc_col-xs-12&#8243;][vc_column_text css=&#8221;&#8221;] 25.4.2026 Samedi [\/vc_column_text][\/vc_column_inner][vc_column_inner width=&#8221;1\/2&#8243; offset=&#8221;vc_col-xs-12&#8243;][vc_column_text css=&#8221;&#8221;] Un&hellip;<\/p>\n","protected":false},"author":6,"featured_media":0,"parent":0,"menu_order":0,"comment_status":"closed","ping_status":"closed","template":"","meta":{"footnotes":""},"class_list":["post-9425","page","type-page","status-publish","hentry","description-off"],"yoast_head":"<!-- This site is optimized with the Yoast SEO plugin v27.6 - https:\/\/yoast.com\/product\/yoast-seo-wordpress\/ -->\n<title>\u00c9v\u00e9nements dans le village viticole - Salgesch I Salquenen - Exp\u00e9riences viticoles en Valais<\/title>\n<meta name=\"description\" content=\"Lors de ses \u00e9v\u00e9nements, Salgesch s&#039;\u00e9panouit pleinement. Les gens s&#039;adonnent au plaisir et appr\u00e9cient l&#039;atmosph\u00e8re conviviale.\" \/>\n<meta name=\"robots\" content=\"index, follow, max-snippet:-1, max-image-preview:large, max-video-preview:-1\" \/>\n<link rel=\"canonical\" href=\"https:\/\/salgesch.ch\/fr\/evenements-2\/\" \/>\n<meta property=\"og:locale\" content=\"fr_FR\" \/>\n<meta property=\"og:type\" content=\"article\" \/>\n<meta property=\"og:title\" content=\"\u00c9v\u00e9nements dans le village viticole - Salgesch I Salquenen - Exp\u00e9riences viticoles en Valais\" \/>\n<meta property=\"og:description\" content=\"Lors de ses \u00e9v\u00e9nements, Salgesch s&#039;\u00e9panouit pleinement. Les gens s&#039;adonnent au plaisir et appr\u00e9cient l&#039;atmosph\u00e8re conviviale.\" \/>\n<meta property=\"og:url\" content=\"https:\/\/salgesch.ch\/fr\/evenements-2\/\" \/>\n<meta property=\"og:site_name\" content=\"Salgesch I Salquenen\" \/>\n<meta property=\"article:modified_time\" content=\"2026-04-25T07:31:03+00:00\" \/>\n<meta name=\"twitter:card\" content=\"summary_large_image\" \/>\n<meta name=\"twitter:label1\" content=\"Est. reading time\" \/>\n\t<meta name=\"twitter:data1\" content=\"2 minutes\" \/>\n<script type=\"application\/ld+json\" class=\"yoast-schema-graph\">{\"@context\":\"https:\\\/\\\/schema.org\",\"@graph\":[{\"@type\":\"WebPage\",\"@id\":\"https:\\\/\\\/salgesch.ch\\\/fr\\\/evenements-2\\\/\",\"url\":\"https:\\\/\\\/salgesch.ch\\\/fr\\\/evenements-2\\\/\",\"name\":\"\u00c9v\u00e9nements dans le village viticole - Salgesch I Salquenen - Exp\u00e9riences viticoles en Valais\",\"isPartOf\":{\"@id\":\"https:\\\/\\\/salgesch.ch\\\/fr\\\/#website\"},\"datePublished\":\"2026-04-01T01:18:19+00:00\",\"dateModified\":\"2026-04-25T07:31:03+00:00\",\"description\":\"Lors de ses \u00e9v\u00e9nements, Salgesch s'\u00e9panouit pleinement. Les gens s'adonnent au plaisir et appr\u00e9cient l'atmosph\u00e8re conviviale.\",\"breadcrumb\":{\"@id\":\"https:\\\/\\\/salgesch.ch\\\/fr\\\/evenements-2\\\/#breadcrumb\"},\"inLanguage\":\"fr-CH\",\"potentialAction\":[{\"@type\":\"ReadAction\",\"target\":[\"https:\\\/\\\/salgesch.ch\\\/fr\\\/evenements-2\\\/\"]}]},{\"@type\":\"BreadcrumbList\",\"@id\":\"https:\\\/\\\/salgesch.ch\\\/fr\\\/evenements-2\\\/#breadcrumb\",\"itemListElement\":[{\"@type\":\"ListItem\",\"position\":1,\"name\":\"Startseite\",\"item\":\"https:\\\/\\\/salgesch.ch\\\/fr\\\/\"},{\"@type\":\"ListItem\",\"position\":2,\"name\":\"\u00c9v\u00e9nements\"}]},{\"@type\":\"WebSite\",\"@id\":\"https:\\\/\\\/salgesch.ch\\\/fr\\\/#website\",\"url\":\"https:\\\/\\\/salgesch.ch\\\/fr\\\/\",\"name\":\"Salgesch I Salquenen\",\"description\":\"Das Weindorf der Schweiz\",\"potentialAction\":[{\"@type\":\"SearchAction\",\"target\":{\"@type\":\"EntryPoint\",\"urlTemplate\":\"https:\\\/\\\/salgesch.ch\\\/fr\\\/?s={search_term_string}\"},\"query-input\":{\"@type\":\"PropertyValueSpecification\",\"valueRequired\":true,\"valueName\":\"search_term_string\"}}],\"inLanguage\":\"fr-CH\"}]}<\/script>\n<!-- \/ Yoast SEO plugin. -->","yoast_head_json":{"title":"\u00c9v\u00e9nements dans le village viticole - Salgesch I Salquenen - Exp\u00e9riences viticoles en Valais","description":"Lors de ses \u00e9v\u00e9nements, Salgesch s'\u00e9panouit pleinement. Les gens s'adonnent au plaisir et appr\u00e9cient l'atmosph\u00e8re conviviale.","robots":{"index":"index","follow":"follow","max-snippet":"max-snippet:-1","max-image-preview":"max-image-preview:large","max-video-preview":"max-video-preview:-1"},"canonical":"https:\/\/salgesch.ch\/fr\/evenements-2\/","og_locale":"fr_FR","og_type":"article","og_title":"\u00c9v\u00e9nements dans le village viticole - Salgesch I Salquenen - Exp\u00e9riences viticoles en Valais","og_description":"Lors de ses \u00e9v\u00e9nements, Salgesch s'\u00e9panouit pleinement. Les gens s'adonnent au plaisir et appr\u00e9cient l'atmosph\u00e8re conviviale.","og_url":"https:\/\/salgesch.ch\/fr\/evenements-2\/","og_site_name":"Salgesch I Salquenen","article_modified_time":"2026-04-25T07:31:03+00:00","twitter_card":"summary_large_image","twitter_misc":{"Est. reading time":"2 minutes"},"schema":{"@context":"https:\/\/schema.org","@graph":[{"@type":"WebPage","@id":"https:\/\/salgesch.ch\/fr\/evenements-2\/","url":"https:\/\/salgesch.ch\/fr\/evenements-2\/","name":"\u00c9v\u00e9nements dans le village viticole - Salgesch I Salquenen - Exp\u00e9riences viticoles en Valais","isPartOf":{"@id":"https:\/\/salgesch.ch\/fr\/#website"},"datePublished":"2026-04-01T01:18:19+00:00","dateModified":"2026-04-25T07:31:03+00:00","description":"Lors de ses \u00e9v\u00e9nements, Salgesch s'\u00e9panouit pleinement. Les gens s'adonnent au plaisir et appr\u00e9cient l'atmosph\u00e8re conviviale.","breadcrumb":{"@id":"https:\/\/salgesch.ch\/fr\/evenements-2\/#breadcrumb"},"inLanguage":"fr-CH","potentialAction":[{"@type":"ReadAction","target":["https:\/\/salgesch.ch\/fr\/evenements-2\/"]}]},{"@type":"BreadcrumbList","@id":"https:\/\/salgesch.ch\/fr\/evenements-2\/#breadcrumb","itemListElement":[{"@type":"ListItem","position":1,"name":"Startseite","item":"https:\/\/salgesch.ch\/fr\/"},{"@type":"ListItem","position":2,"name":"\u00c9v\u00e9nements"}]},{"@type":"WebSite","@id":"https:\/\/salgesch.ch\/fr\/#website","url":"https:\/\/salgesch.ch\/fr\/","name":"Salgesch I Salquenen","description":"Das Weindorf der Schweiz","potentialAction":[{"@type":"SearchAction","target":{"@type":"EntryPoint","urlTemplate":"https:\/\/salgesch.ch\/fr\/?s={search_term_string}"},"query-input":{"@type":"PropertyValueSpecification","valueRequired":true,"valueName":"search_term_string"}}],"inLanguage":"fr-CH"}]}},"_links":{"self":[{"href":"https:\/\/salgesch.ch\/fr\/wp-json\/wp\/v2\/pages\/9425","targetHints":{"allow":["GET"]}}],"collection":[{"href":"https:\/\/salgesch.ch\/fr\/wp-json\/wp\/v2\/pages"}],"about":[{"href":"https:\/\/salgesch.ch\/fr\/wp-json\/wp\/v2\/types\/page"}],"author":[{"embeddable":true,"href":"https:\/\/salgesch.ch\/fr\/wp-json\/wp\/v2\/users\/6"}],"replies":[{"embeddable":true,"href":"https:\/\/salgesch.ch\/fr\/wp-json\/wp\/v2\/comments?post=9425"}],"version-history":[{"count":16,"href":"https:\/\/salgesch.ch\/fr\/wp-json\/wp\/v2\/pages\/9425\/revisions"}],"predecessor-version":[{"id":9799,"href":"https:\/\/salgesch.ch\/fr\/wp-json\/wp\/v2\/pages\/9425\/revisions\/9799"}],"wp:attachment":[{"href":"https:\/\/salgesch.ch\/fr\/wp-json\/wp\/v2\/media?parent=9425"}],"curies":[{"name":"wp","href":"https:\/\/api.w.org\/{rel}","templated":true}]}}